{"id":3268,"date":"2025-02-07T08:04:36","date_gmt":"2025-02-07T07:04:36","guid":{"rendered":"https:\/\/baldiners.com\/inversions-immobiliaries-i-gestio-de-carteres\/"},"modified":"2025-05-15T09:58:39","modified_gmt":"2025-05-15T08:58:39","slug":"inversiones-inmobiliarias-y-gestion-de-carteras","status":"publish","type":"page","link":"https:\/\/baldiners.com\/es\/inversiones-inmobiliarias-y-gestion-de-carteras\/","title":{"rendered":"Inversiones inmobiliarias y gesti\u00f3n de carteras"},"content":{"rendered":"<p><div class=\"fusion-fullwidth fullwidth-box fusion-builder-row-1 fusion-flex-container has-pattern-background has-mask-background fusion-parallax-none nonhundred-percent-fullwidth non-hundred-percent-height-scrolling\" style=\"--awb-border-radius-top-left:0px;--awb-border-radius-top-right:0px;--awb-border-radius-bottom-right:0px;--awb-border-radius-bottom-left:0px;--awb-padding-top:103px;--awb-padding-bottom:81px;--awb-padding-top-small:63px;--awb-padding-bottom-small:47px;--awb-background-image:linear-gradient(180deg, rgba(244,244,244,0.74) 0%,rgba(244,244,244,0.51) 100%),url(https:\/\/baldiners.com\/wp-content\/uploads\/2025\/02\/x-inversors-immobiliaris.jpg);;--awb-background-size:cover;--awb-flex-wrap:wrap;\" ><div class=\"fusion-builder-row fusion-row fusion-flex-align-items-flex-start fusion-flex-content-wrap\" style=\"max-width:1248px;margin-left: calc(-4% \/ 2 );margin-right: calc(-4% \/ 2 );\"><div class=\"fusion-layout-column fusion_builder_column fusion-builder-column-0 fusion_builder_column_1_1 1_1 fusion-flex-column\" style=\"--awb-padding-top:40px;--awb-padding-bottom:64px;--awb-bg-size:cover;--awb-width-large:100%;--awb-spacing-right-large:1.92%;--awb-margin-bottom-large:0px;--awb-spacing-left-large:1.92%;--awb-width-medium:100%;--awb-order-medium:0;--awb-spacing-right-medium:1.92%;--awb-spacing-left-medium:1.92%;--awb-width-small:100%;--awb-order-small:0;--awb-spacing-right-small:1.92%;--awb-spacing-left-small:1.92%;\"><div class=\"fusion-column-wrapper fusion-column-has-shadow fusion-flex-justify-content-flex-start fusion-content-layout-column\"><div class=\"fusion-title title fusion-title-1 fusion-sep-none fusion-title-center fusion-title-text fusion-title-size-two\" style=\"--awb-font-size:30px;\"><h2 class=\"fusion-title-heading title-heading-center\" style=\"margin:0;font-size:1em;\"><span style=\"vertical-align: inherit;\"><span style=\"vertical-align: inherit;\">Maximizad el rendimiento de vuestros activos<\/span><\/span><\/h2><\/div><\/div><\/div><\/div><\/div><div class=\"fusion-fullwidth fullwidth-box fusion-builder-row-2 fusion-flex-container has-pattern-background has-mask-background nonhundred-percent-fullwidth non-hundred-percent-height-scrolling\" style=\"--awb-border-radius-top-left:0px;--awb-border-radius-top-right:0px;--awb-border-radius-bottom-right:0px;--awb-border-radius-bottom-left:0px;--awb-padding-top:80px;--awb-flex-wrap:wrap;\" ><div class=\"fusion-builder-row fusion-row fusion-flex-align-items-flex-start fusion-flex-content-wrap\" style=\"max-width:1248px;margin-left: calc(-4% \/ 2 );margin-right: calc(-4% \/ 2 );\"><div class=\"fusion-layout-column fusion_builder_column fusion-builder-column-1 fusion_builder_column_1_2 1_2 fusion-flex-column\" style=\"--awb-bg-size:cover;--awb-width-large:50%;--awb-spacing-right-large:3.84%;--awb-margin-bottom-large:0px;--awb-spacing-left-large:3.84%;--awb-width-medium:100%;--awb-order-medium:0;--awb-spacing-right-medium:1.92%;--awb-spacing-left-medium:1.92%;--awb-width-small:100%;--awb-order-small:0;--awb-spacing-right-small:1.92%;--awb-spacing-left-small:1.92%;\"><div class=\"fusion-column-wrapper fusion-column-has-shadow fusion-flex-justify-content-flex-start fusion-content-layout-column\"><div class=\"fusion-title title fusion-title-2 fusion-sep-none fusion-title-text fusion-title-size-one\" style=\"--awb-font-size:45px;\"><h1 class=\"fusion-title-heading title-heading-left\" style=\"margin:0;font-size:1em;\"><span style=\"vertical-align: inherit;\"><span style=\"vertical-align: inherit;\">Inversiones inmobiliarias y gesti\u00f3n de carteras<\/span><\/span><\/h1><\/div><div class=\"fusion-text fusion-text-1\" style=\"--awb-font-size:var(--awb-typography2-font-size);--awb-line-height:var(--awb-typography2-line-height);--awb-letter-spacing:var(--awb-typography2-letter-spacing);--awb-text-transform:var(--awb-typography2-text-transform);--awb-text-font-family:var(--awb-typography2-font-family);--awb-text-font-weight:var(--awb-typography2-font-weight);--awb-text-font-style:var(--awb-typography2-font-style);\"><p><span style=\"color: #b08900;\"><span style=\"vertical-align: inherit;\"><span style=\"vertical-align: inherit;\">Inversiones inmobiliarias y gesti\u00f3n de carteras<\/span><\/span><\/span><span style=\"vertical-align: inherit;\"><span style=\"vertical-align: inherit;\"> Invertimos con visi\u00f3n, gestionamos con precisi\u00f3n<\/span><\/span><\/p>\n<\/div><\/div><\/div><div class=\"fusion-layout-column fusion_builder_column fusion-builder-column-2 fusion_builder_column_1_2 1_2 fusion-flex-column fusion-flex-align-self-center\" style=\"--awb-padding-top-medium:32px;--awb-bg-size:cover;--awb-width-large:50%;--awb-spacing-right-large:3.84%;--awb-margin-bottom-large:0px;--awb-spacing-left-large:3.84%;--awb-width-medium:75%;--awb-order-medium:0;--awb-spacing-right-medium:2.56%;--awb-spacing-left-medium:2.56%;--awb-width-small:100%;--awb-order-small:0;--awb-spacing-right-small:1.92%;--awb-spacing-left-small:1.92%;\"><div class=\"fusion-column-wrapper fusion-column-has-shadow fusion-flex-justify-content-flex-start fusion-content-layout-column\"><div class=\"fusion-text fusion-text-2 fusion-text-no-margin\" style=\"--awb-margin-right:16px;--awb-margin-bottom:0px;\"><p><span style=\"vertical-align: inherit;\"><span style=\"vertical-align: inherit;\">Ofrecemos servicios especializados en inversiones inmobiliarias y gesti\u00f3n de carteras, ayudando a maximizar el rendimiento de los activos con estrategias personalizadas y asesoramiento experto en cada operaci\u00f3n.<\/span><\/span><\/p>\n<\/div><\/div><\/div><div class=\"fusion-layout-column fusion_builder_column fusion-builder-column-3 fusion_builder_column_1_1 1_1 fusion-flex-column fusion-flex-align-self-center\" style=\"--awb-bg-size:cover;--awb-width-large:100%;--awb-spacing-right-large:1.92%;--awb-margin-bottom-large:0px;--awb-spacing-left-large:1.92%;--awb-width-medium:100%;--awb-order-medium:0;--awb-spacing-right-medium:1.92%;--awb-spacing-left-medium:1.92%;--awb-width-small:100%;--awb-order-small:0;--awb-spacing-right-small:1.92%;--awb-spacing-left-small:1.92%;\"><div class=\"fusion-column-wrapper fusion-column-has-shadow fusion-flex-justify-content-flex-start fusion-content-layout-column\"><div class=\"fusion-separator fusion-full-width-sep\" style=\"align-self: center;margin-left: auto;margin-right: auto;margin-top:40px;margin-bottom:80px;width:100%;\"><div class=\"fusion-separator-border sep-single sep-solid\" style=\"--awb-height:20px;--awb-amount:20px;border-color:var(--awb-color3);border-top-width:1px;\"><\/div><\/div><\/div><\/div><\/div><\/div><div class=\"fusion-fullwidth fullwidth-box fusion-builder-row-3 fusion-flex-container has-pattern-background has-mask-background nonhundred-percent-fullwidth non-hundred-percent-height-scrolling\" style=\"--awb-border-radius-top-left:0px;--awb-border-radius-top-right:0px;--awb-border-radius-bottom-right:0px;--awb-border-radius-bottom-left:0px;--awb-padding-bottom:80px;--awb-padding-bottom-small:31px;--awb-flex-wrap:wrap;\" ><div class=\"fusion-builder-row fusion-row fusion-flex-align-items-flex-start fusion-flex-content-wrap\" style=\"max-width:1248px;margin-left: calc(-4% \/ 2 );margin-right: calc(-4% \/ 2 );\"><div class=\"fusion-layout-column fusion_builder_column fusion-builder-column-4 fusion_builder_column_3_5 3_5 fusion-flex-column fusion-flex-align-self-center\" style=\"--awb-bg-size:cover;--awb-width-large:60%;--awb-spacing-right-large:3.2%;--awb-margin-bottom-large:0px;--awb-spacing-left-large:3.2%;--awb-width-medium:60%;--awb-order-medium:0;--awb-spacing-right-medium:3.2%;--awb-spacing-left-medium:3.2%;--awb-width-small:100%;--awb-order-small:0;--awb-spacing-right-small:1.92%;--awb-spacing-left-small:1.92%;\"><div class=\"fusion-column-wrapper fusion-column-has-shadow fusion-flex-justify-content-flex-start fusion-content-layout-column\"><div class=\"fusion-image-element \" style=\"--awb-aspect-ratio: 100 \/ 70;--awb-object-position:42% 0%;--awb-caption-title-font-family:var(--h2_typography-font-family);--awb-caption-title-font-weight:var(--h2_typography-font-weight);--awb-caption-title-font-style:var(--h2_typography-font-style);--awb-caption-title-size:var(--h2_typography-font-size);--awb-caption-title-transform:var(--h2_typography-text-transform);--awb-caption-title-line-height:var(--h2_typography-line-height);--awb-caption-title-letter-spacing:var(--h2_typography-letter-spacing);\"><span class=\" fusion-imageframe imageframe-none imageframe-1 hover-type-none has-aspect-ratio\"><img decoding=\"async\" width=\"1920\" height=\"1280\" alt=\"Persona davant del port\u00e0til utilitzant els seus diners per inversions.\" title=\"Inversions immobili\u00e0ries i gesti\u00f3 de carteres\" src=\"https:\/\/baldiners.com\/wp-content\/uploads\/2025\/02\/x-inversions-immobiliares-i-gestio-de-carteres.jpg\" class=\"img-responsive wp-image-3159 img-with-aspect-ratio\" srcset=\"https:\/\/baldiners.com\/wp-content\/uploads\/2025\/02\/x-inversions-immobiliares-i-gestio-de-carteres-200x133.jpg 200w, https:\/\/baldiners.com\/wp-content\/uploads\/2025\/02\/x-inversions-immobiliares-i-gestio-de-carteres-400x267.jpg 400w, https:\/\/baldiners.com\/wp-content\/uploads\/2025\/02\/x-inversions-immobiliares-i-gestio-de-carteres-600x400.jpg 600w, https:\/\/baldiners.com\/wp-content\/uploads\/2025\/02\/x-inversions-immobiliares-i-gestio-de-carteres-800x533.jpg 800w, https:\/\/baldiners.com\/wp-content\/uploads\/2025\/02\/x-inversions-immobiliares-i-gestio-de-carteres-1200x800.jpg 1200w, https:\/\/baldiners.com\/wp-content\/uploads\/2025\/02\/x-inversions-immobiliares-i-gestio-de-carteres.jpg 1920w\" sizes=\"(max-width: 810px) 100vw, 800px\" \/><\/span><\/div><\/div><\/div><div class=\"fusion-layout-column fusion_builder_column fusion-builder-column-5 fusion_builder_column_2_5 2_5 fusion-flex-column fusion-flex-align-self-center\" style=\"--awb-z-index:9999;--awb-padding-top:56px;--awb-padding-right:48px;--awb-padding-bottom:56px;--awb-padding-left:48px;--awb-padding-right-small:15px;--awb-padding-left-small:16px;--awb-bg-color:var(--awb-color1);--awb-bg-color-hover:var(--awb-color1);--awb-bg-size:cover;--awb-box-shadow:10px 10px 25px 5px hsla(var(--awb-color8-h),var(--awb-color8-s),var(--awb-color8-l),calc(var(--awb-color8-a) - 90%));;--awb-border-color:var(--awb-color4);--awb-border-color-hover:var(--awb-custom_color_3);--awb-border-top:0px;--awb-border-right:0px;--awb-border-bottom:0px;--awb-border-left:4px;--awb-border-style:solid;--awb-width-large:40%;--awb-spacing-right-large:4.8%;--awb-margin-bottom-large:0px;--awb-spacing-left-large:-80px;--awb-width-medium:40%;--awb-order-medium:0;--awb-spacing-right-medium:4.8%;--awb-spacing-left-medium:0px;--awb-width-small:100%;--awb-order-small:0;--awb-spacing-right-small:1.92%;--awb-spacing-left-small:1.92%;\"><div class=\"fusion-column-wrapper fusion-column-has-shadow fusion-flex-justify-content-flex-start fusion-content-layout-column\"><div class=\"fusion-title title fusion-title-3 fusion-sep-none fusion-title-text fusion-title-size-four\" style=\"--awb-margin-top:0px;--awb-margin-bottom:8px;\"><h4 class=\"fusion-title-heading title-heading-left\" style=\"margin:0;\"><strong><span style=\"vertical-align: inherit;\"><span style=\"vertical-align: inherit;\">Inversiones inmobiliarias<\/span><\/span><\/strong><\/h4><\/div><div class=\"fusion-text fusion-text-3 fusion-text-no-margin\" style=\"--awb-margin-bottom:0px;\"><p>Las inversiones inmobiliarias son una buena opci\u00f3n para generar capital e incrementar vuestro patrimonio mediante la adquisici\u00f3n de inmuebles o propiedades, con el fin de obtener un rendimiento econ\u00f3mico.<\/p>\n<p>Os permiten generar ingresos estables y adicionales en comparaci\u00f3n con otras inversiones de riesgo, como la bolsa.<\/p>\n<p>Adem\u00e1s, pueden ser un buen complemento a vuestra pensi\u00f3n de jubilaci\u00f3n, dada la incertidumbre que genera el actual sistema de pensiones.<\/p>\n<p>Poneros en contacto con nosotros si quer\u00e9is que os ayudemos a utilizar vuestro dinero para inversiones.<\/p>\n<\/div><div ><a class=\"fusion-button button-flat fusion-button-default-size button-default fusion-button-default button-1 fusion-button-span-yes fusion-button-default-type\" style=\"--button_margin-top:20px;\" target=\"_self\" href=\"#solicita\"><span class=\"fusion-button-text\">Solicita informaci\u00f3n<\/span><\/a><\/div><\/div><\/div><\/div><\/div><div class=\"fusion-fullwidth fullwidth-box fusion-builder-row-4 fusion-flex-container has-pattern-background has-mask-background nonhundred-percent-fullwidth non-hundred-percent-height-scrolling\" style=\"--awb-border-radius-top-left:0px;--awb-border-radius-top-right:0px;--awb-border-radius-bottom-right:0px;--awb-border-radius-bottom-left:0px;--awb-padding-bottom:2px;--awb-flex-wrap:wrap;\" ><div class=\"fusion-builder-row fusion-row fusion-flex-align-items-flex-start fusion-flex-justify-content-center fusion-flex-content-wrap\" style=\"max-width:1248px;margin-left: calc(-4% \/ 2 );margin-right: calc(-4% \/ 2 );\"><div class=\"fusion-layout-column fusion_builder_column fusion-builder-column-6 fusion-flex-column fusion-flex-align-self-center\" style=\"--awb-z-index:9999;--awb-padding-top:56px;--awb-padding-right:48px;--awb-padding-bottom:56px;--awb-padding-left:48px;--awb-padding-right-small:28px;--awb-padding-left-small:16px;--awb-bg-color:var(--awb-color1);--awb-bg-color-hover:var(--awb-color1);--awb-bg-size:cover;--awb-box-shadow:10px 10px 25px 5px hsla(var(--awb-color8-h),var(--awb-color8-s),var(--awb-color8-l),calc(var(--awb-color8-a) - 90%));;--awb-border-color:var(--awb-color4);--awb-border-color-hover:var(--awb-custom_color_3);--awb-border-top:0px;--awb-border-right:0px;--awb-border-bottom:0px;--awb-border-left:4px;--awb-border-style:solid;--awb-width-large:34%;--awb-spacing-right-large:-80px;--awb-margin-bottom-large:0px;--awb-spacing-left-large:0%;--awb-width-medium:34%;--awb-order-medium:0;--awb-spacing-right-medium:-80px;--awb-spacing-left-medium:0px;--awb-width-small:100%;--awb-order-small:2;--awb-margin-top-small:0px;--awb-spacing-right-small:1.92%;--awb-margin-bottom-small:27px;--awb-spacing-left-small:1.92%;\"><div class=\"fusion-column-wrapper fusion-column-has-shadow fusion-flex-justify-content-flex-start fusion-content-layout-column\"><div class=\"fusion-title title fusion-title-4 fusion-sep-none fusion-title-text fusion-title-size-four\" style=\"--awb-margin-top:0px;--awb-margin-bottom:8px;\"><h4 class=\"fusion-title-heading title-heading-left\" style=\"margin:0;\"><span style=\"vertical-align: inherit;\"><span style=\"vertical-align: inherit;\">Gesti\u00f3n de carteras<\/span><\/span><\/h4><\/div><div class=\"fusion-text fusion-text-4 fusion-text-no-margin\" style=\"--awb-margin-bottom:0px;\"><p>Gestionamos carteras seleccionando los activos que mejor se adapten a vuestro perfil de riesgo.<\/p>\n<p>El objetivo es maximizar la rentabilidad esperada realizando una gesti\u00f3n activa con vuestra participaci\u00f3n en la toma de decisiones, en relaci\u00f3n con la gesti\u00f3n de vuestro patrimonio.<\/p>\n<\/div><div ><a class=\"fusion-button button-flat fusion-button-default-size button-default fusion-button-default button-2 fusion-button-span-yes fusion-button-default-type\" style=\"--button_margin-top:20px;\" target=\"_self\" href=\"#solicita\"><span class=\"fusion-button-text\">Solicita informaci\u00f3n<\/span><\/a><\/div><\/div><\/div><div class=\"fusion-layout-column fusion_builder_column fusion-builder-column-7 fusion-flex-column fusion-flex-align-self-center\" style=\"--awb-bg-size:cover;--awb-width-large:66%;--awb-spacing-right-large:3.4909090909091%;--awb-margin-bottom-large:44px;--awb-spacing-left-large:-20px;--awb-width-medium:66%;--awb-order-medium:0;--awb-spacing-right-medium:3.4909090909091%;--awb-spacing-left-medium:-20px;--awb-width-small:100%;--awb-order-small:0;--awb-spacing-right-small:1.92%;--awb-margin-bottom-small:0px;--awb-spacing-left-small:1.92%;\"><div class=\"fusion-column-wrapper fusion-column-has-shadow fusion-flex-justify-content-flex-start fusion-content-layout-column\"><div class=\"fusion-image-element \" style=\"--awb-aspect-ratio: 100 \/ 70;--awb-object-position:42% 0%;--awb-caption-title-font-family:var(--h2_typography-font-family);--awb-caption-title-font-weight:var(--h2_typography-font-weight);--awb-caption-title-font-style:var(--h2_typography-font-style);--awb-caption-title-size:var(--h2_typography-font-size);--awb-caption-title-transform:var(--h2_typography-text-transform);--awb-caption-title-line-height:var(--h2_typography-line-height);--awb-caption-title-letter-spacing:var(--h2_typography-letter-spacing);\"><span class=\" fusion-imageframe imageframe-none imageframe-2 hover-type-none has-aspect-ratio\"><img decoding=\"async\" width=\"1920\" height=\"1280\" alt=\"Persona davant del port\u00e0til utilitzant els seus diners per inversions.\" title=\"x-gestio-de-carteres\" src=\"https:\/\/baldiners.com\/wp-content\/uploads\/2025\/02\/x-gestio-de-carteres.jpg\" class=\"img-responsive wp-image-3160 img-with-aspect-ratio\" srcset=\"https:\/\/baldiners.com\/wp-content\/uploads\/2025\/02\/x-gestio-de-carteres-200x133.jpg 200w, https:\/\/baldiners.com\/wp-content\/uploads\/2025\/02\/x-gestio-de-carteres-400x267.jpg 400w, https:\/\/baldiners.com\/wp-content\/uploads\/2025\/02\/x-gestio-de-carteres-600x400.jpg 600w, https:\/\/baldiners.com\/wp-content\/uploads\/2025\/02\/x-gestio-de-carteres-800x533.jpg 800w, https:\/\/baldiners.com\/wp-content\/uploads\/2025\/02\/x-gestio-de-carteres-1200x800.jpg 1200w, https:\/\/baldiners.com\/wp-content\/uploads\/2025\/02\/x-gestio-de-carteres.jpg 1920w\" sizes=\"(max-width: 810px) 100vw, 800px\" \/><\/span><\/div><\/div><\/div><\/div><\/div><\/p>\n","protected":false},"excerpt":{"rendered":"","protected":false},"author":1,"featured_media":0,"parent":0,"menu_order":0,"comment_status":"closed","ping_status":"closed","template":"100-width.php","meta":{"_acf_changed":false,"footnotes":""},"class_list":["post-3268","page","type-page","status-publish","hentry"],"acf":[],"yoast_head":"<!-- This site is optimized with the Yoast SEO plugin v24.5 - https:\/\/yoast.com\/wordpress\/plugins\/seo\/ -->\n<title>Inversiones inmobiliarias y gesti\u00f3n de carteras - Baldiners<\/title>\n<meta name=\"description\" content=\"Inversiones inmobiliarias y gesti\u00f3n de carteras: maximiza el rendimiento de tus activos con inversiones inmobiliarias y gesti\u00f3n de carteras.\" \/>\n<meta name=\"robots\" content=\"index, follow, max-snippet:-1, max-image-preview:large, max-video-preview:-1\" \/>\n<link rel=\"canonical\" href=\"https:\/\/baldiners.com\/es\/inversiones-inmobiliarias-y-gestion-de-carteras\/\" \/>\n<meta property=\"og:locale\" content=\"es_ES\" \/>\n<meta property=\"og:type\" content=\"article\" \/>\n<meta property=\"og:title\" content=\"Inversiones inmobiliarias y gesti\u00f3n de carteras - Baldiners\" \/>\n<meta property=\"og:description\" content=\"Inversiones inmobiliarias y gesti\u00f3n de carteras: maximiza el rendimiento de tus activos con inversiones inmobiliarias y gesti\u00f3n de carteras.\" \/>\n<meta property=\"og:url\" content=\"https:\/\/baldiners.com\/es\/inversiones-inmobiliarias-y-gestion-de-carteras\/\" \/>\n<meta property=\"og:site_name\" content=\"Baldiners\" \/>\n<meta property=\"article:modified_time\" content=\"2025-05-15T08:58:39+00:00\" \/>\n<meta name=\"twitter:card\" content=\"summary_large_image\" \/>\n<meta name=\"twitter:label1\" content=\"Tiempo de lectura\" \/>\n\t<meta name=\"twitter:data1\" content=\"2 minutos\" \/>\n<script type=\"application\/ld+json\" class=\"yoast-schema-graph\">{\"@context\":\"https:\/\/schema.org\",\"@graph\":[{\"@type\":\"WebPage\",\"@id\":\"https:\/\/baldiners.com\/es\/inversiones-inmobiliarias-y-gestion-de-carteras\/\",\"url\":\"https:\/\/baldiners.com\/es\/inversiones-inmobiliarias-y-gestion-de-carteras\/\",\"name\":\"Inversiones inmobiliarias y gesti\u00f3n de carteras - Baldiners\",\"isPartOf\":{\"@id\":\"https:\/\/baldiners.com\/es\/#website\"},\"datePublished\":\"2025-02-07T07:04:36+00:00\",\"dateModified\":\"2025-05-15T08:58:39+00:00\",\"description\":\"Inversiones inmobiliarias y gesti\u00f3n de carteras: maximiza el rendimiento de tus activos con inversiones inmobiliarias y gesti\u00f3n de carteras.\",\"breadcrumb\":{\"@id\":\"https:\/\/baldiners.com\/es\/inversiones-inmobiliarias-y-gestion-de-carteras\/#breadcrumb\"},\"inLanguage\":\"es\",\"potentialAction\":[{\"@type\":\"ReadAction\",\"target\":[\"https:\/\/baldiners.com\/es\/inversiones-inmobiliarias-y-gestion-de-carteras\/\"]}]},{\"@type\":\"BreadcrumbList\",\"@id\":\"https:\/\/baldiners.com\/es\/inversiones-inmobiliarias-y-gestion-de-carteras\/#breadcrumb\",\"itemListElement\":[{\"@type\":\"ListItem\",\"position\":1,\"name\":\"Inici\",\"item\":\"https:\/\/baldiners.com\/es\/\"},{\"@type\":\"ListItem\",\"position\":2,\"name\":\"Inversiones inmobiliarias y gesti\u00f3n de carteras\"}]},{\"@type\":\"WebSite\",\"@id\":\"https:\/\/baldiners.com\/es\/#website\",\"url\":\"https:\/\/baldiners.com\/es\/\",\"name\":\"Baldiners\",\"description\":\"Brokers hipotecaris i financers.\",\"potentialAction\":[{\"@type\":\"SearchAction\",\"target\":{\"@type\":\"EntryPoint\",\"urlTemplate\":\"https:\/\/baldiners.com\/es\/?s={search_term_string}\"},\"query-input\":{\"@type\":\"PropertyValueSpecification\",\"valueRequired\":true,\"valueName\":\"search_term_string\"}}],\"inLanguage\":\"es\"}]}<\/script>\n<!-- \/ Yoast SEO plugin. -->","yoast_head_json":{"title":"Inversiones inmobiliarias y gesti\u00f3n de carteras - Baldiners","description":"Inversiones inmobiliarias y gesti\u00f3n de carteras: maximiza el rendimiento de tus activos con inversiones inmobiliarias y gesti\u00f3n de carteras.","robots":{"index":"index","follow":"follow","max-snippet":"max-snippet:-1","max-image-preview":"max-image-preview:large","max-video-preview":"max-video-preview:-1"},"canonical":"https:\/\/baldiners.com\/es\/inversiones-inmobiliarias-y-gestion-de-carteras\/","og_locale":"es_ES","og_type":"article","og_title":"Inversiones inmobiliarias y gesti\u00f3n de carteras - Baldiners","og_description":"Inversiones inmobiliarias y gesti\u00f3n de carteras: maximiza el rendimiento de tus activos con inversiones inmobiliarias y gesti\u00f3n de carteras.","og_url":"https:\/\/baldiners.com\/es\/inversiones-inmobiliarias-y-gestion-de-carteras\/","og_site_name":"Baldiners","article_modified_time":"2025-05-15T08:58:39+00:00","twitter_card":"summary_large_image","twitter_misc":{"Tiempo de lectura":"2 minutos"},"schema":{"@context":"https:\/\/schema.org","@graph":[{"@type":"WebPage","@id":"https:\/\/baldiners.com\/es\/inversiones-inmobiliarias-y-gestion-de-carteras\/","url":"https:\/\/baldiners.com\/es\/inversiones-inmobiliarias-y-gestion-de-carteras\/","name":"Inversiones inmobiliarias y gesti\u00f3n de carteras - Baldiners","isPartOf":{"@id":"https:\/\/baldiners.com\/es\/#website"},"datePublished":"2025-02-07T07:04:36+00:00","dateModified":"2025-05-15T08:58:39+00:00","description":"Inversiones inmobiliarias y gesti\u00f3n de carteras: maximiza el rendimiento de tus activos con inversiones inmobiliarias y gesti\u00f3n de carteras.","breadcrumb":{"@id":"https:\/\/baldiners.com\/es\/inversiones-inmobiliarias-y-gestion-de-carteras\/#breadcrumb"},"inLanguage":"es","potentialAction":[{"@type":"ReadAction","target":["https:\/\/baldiners.com\/es\/inversiones-inmobiliarias-y-gestion-de-carteras\/"]}]},{"@type":"BreadcrumbList","@id":"https:\/\/baldiners.com\/es\/inversiones-inmobiliarias-y-gestion-de-carteras\/#breadcrumb","itemListElement":[{"@type":"ListItem","position":1,"name":"Inici","item":"https:\/\/baldiners.com\/es\/"},{"@type":"ListItem","position":2,"name":"Inversiones inmobiliarias y gesti\u00f3n de carteras"}]},{"@type":"WebSite","@id":"https:\/\/baldiners.com\/es\/#website","url":"https:\/\/baldiners.com\/es\/","name":"Baldiners","description":"Brokers hipotecaris i financers.","potentialAction":[{"@type":"SearchAction","target":{"@type":"EntryPoint","urlTemplate":"https:\/\/baldiners.com\/es\/?s={search_term_string}"},"query-input":{"@type":"PropertyValueSpecification","valueRequired":true,"valueName":"search_term_string"}}],"inLanguage":"es"}]}},"_links":{"self":[{"href":"https:\/\/baldiners.com\/es\/wp-json\/wp\/v2\/pages\/3268","targetHints":{"allow":["GET"]}}],"collection":[{"href":"https:\/\/baldiners.com\/es\/wp-json\/wp\/v2\/pages"}],"about":[{"href":"https:\/\/baldiners.com\/es\/wp-json\/wp\/v2\/types\/page"}],"author":[{"embeddable":true,"href":"https:\/\/baldiners.com\/es\/wp-json\/wp\/v2\/users\/1"}],"replies":[{"embeddable":true,"href":"https:\/\/baldiners.com\/es\/wp-json\/wp\/v2\/comments?post=3268"}],"version-history":[{"count":12,"href":"https:\/\/baldiners.com\/es\/wp-json\/wp\/v2\/pages\/3268\/revisions"}],"predecessor-version":[{"id":3270,"href":"https:\/\/baldiners.com\/es\/wp-json\/wp\/v2\/pages\/3268\/revisions\/3270"}],"wp:attachment":[{"href":"https:\/\/baldiners.com\/es\/wp-json\/wp\/v2\/media?parent=3268"}],"curies":[{"name":"wp","href":"https:\/\/api.w.org\/{rel}","templated":true}]}}