{"id":3254,"date":"2023-10-09T17:06:55","date_gmt":"2023-10-09T16:06:55","guid":{"rendered":"https:\/\/baldiners.com\/prestecs\/"},"modified":"2025-05-15T11:38:30","modified_gmt":"2025-05-15T10:38:30","slug":"prestamos","status":"publish","type":"page","link":"https:\/\/baldiners.com\/es\/prestamos\/","title":{"rendered":"Pr\u00e9stamos"},"content":{"rendered":"<p><div class=\"fusion-fullwidth fullwidth-box fusion-builder-row-1 fusion-flex-container has-pattern-background has-mask-background fusion-parallax-none nonhundred-percent-fullwidth non-hundred-percent-height-scrolling\" style=\"--awb-border-radius-top-left:0px;--awb-border-radius-top-right:0px;--awb-border-radius-bottom-right:0px;--awb-border-radius-bottom-left:0px;--awb-padding-top:103px;--awb-padding-bottom:81px;--awb-padding-top-small:63px;--awb-padding-bottom-small:47px;--awb-background-image:linear-gradient(180deg, rgba(244,244,244,0.74) 0%,rgba(244,244,244,0.51) 100%),url(https:\/\/baldiners.com\/wp-content\/uploads\/2025\/02\/x-prestecs.jpg);;--awb-background-size:cover;--awb-flex-wrap:wrap;\" ><div class=\"fusion-builder-row fusion-row fusion-flex-align-items-flex-start fusion-flex-content-wrap\" style=\"max-width:1248px;margin-left: calc(-4% \/ 2 );margin-right: calc(-4% \/ 2 );\"><div class=\"fusion-layout-column fusion_builder_column fusion-builder-column-0 fusion_builder_column_1_1 1_1 fusion-flex-column\" style=\"--awb-padding-top:40px;--awb-padding-bottom:64px;--awb-bg-size:cover;--awb-width-large:100%;--awb-spacing-right-large:1.92%;--awb-margin-bottom-large:0px;--awb-spacing-left-large:1.92%;--awb-width-medium:100%;--awb-order-medium:0;--awb-spacing-right-medium:1.92%;--awb-spacing-left-medium:1.92%;--awb-width-small:100%;--awb-order-small:0;--awb-spacing-right-small:1.92%;--awb-spacing-left-small:1.92%;\"><div class=\"fusion-column-wrapper fusion-column-has-shadow fusion-flex-justify-content-flex-start fusion-content-layout-column\"><div class=\"fusion-title title fusion-title-1 fusion-sep-none fusion-title-center fusion-title-text fusion-title-size-two\" style=\"--awb-font-size:30px;\"><h2 class=\"fusion-title-heading title-heading-center\" style=\"margin:0;font-size:1em;\"><span style=\"vertical-align: inherit;\"><span style=\"vertical-align: inherit;\">\u00bfNecesit\u00e1is liquidez a corto plazo?<\/span><\/span><\/h2><\/div><\/div><\/div><\/div><\/div><div class=\"fusion-fullwidth fullwidth-box fusion-builder-row-2 fusion-flex-container has-pattern-background has-mask-background nonhundred-percent-fullwidth non-hundred-percent-height-scrolling\" style=\"--awb-border-radius-top-left:0px;--awb-border-radius-top-right:0px;--awb-border-radius-bottom-right:0px;--awb-border-radius-bottom-left:0px;--awb-padding-top:80px;--awb-flex-wrap:wrap;\" ><div class=\"fusion-builder-row fusion-row fusion-flex-align-items-flex-start fusion-flex-content-wrap\" style=\"max-width:1248px;margin-left: calc(-4% \/ 2 );margin-right: calc(-4% \/ 2 );\"><div class=\"fusion-layout-column fusion_builder_column fusion-builder-column-1 fusion_builder_column_1_2 1_2 fusion-flex-column\" style=\"--awb-bg-size:cover;--awb-width-large:50%;--awb-spacing-right-large:3.84%;--awb-margin-bottom-large:0px;--awb-spacing-left-large:3.84%;--awb-width-medium:100%;--awb-order-medium:0;--awb-spacing-right-medium:1.92%;--awb-spacing-left-medium:1.92%;--awb-width-small:100%;--awb-order-small:0;--awb-spacing-right-small:1.92%;--awb-spacing-left-small:1.92%;\"><div class=\"fusion-column-wrapper fusion-column-has-shadow fusion-flex-justify-content-flex-start fusion-content-layout-column\"><div class=\"fusion-title title fusion-title-2 fusion-sep-none fusion-title-text fusion-title-size-one\"><h1 class=\"fusion-title-heading title-heading-left\" style=\"margin:0;\"><span style=\"vertical-align: inherit;\"><span style=\"vertical-align: inherit;\">Pr\u00e9stamos<\/span><\/span><\/h1><\/div><div class=\"fusion-text fusion-text-1\" style=\"--awb-font-size:var(--awb-typography2-font-size);--awb-line-height:var(--awb-typography2-line-height);--awb-letter-spacing:var(--awb-typography2-letter-spacing);--awb-text-transform:var(--awb-typography2-text-transform);--awb-text-font-family:var(--awb-typography2-font-family);--awb-text-font-weight:var(--awb-typography2-font-weight);--awb-text-font-style:var(--awb-typography2-font-style);\"><p>Pr\u00e9stamos para que dispong\u00e1is de lo que necesit\u00e9is.<\/p>\n<\/div><\/div><\/div><div class=\"fusion-layout-column fusion_builder_column fusion-builder-column-2 fusion_builder_column_1_2 1_2 fusion-flex-column fusion-flex-align-self-center\" style=\"--awb-padding-top-medium:32px;--awb-bg-size:cover;--awb-width-large:50%;--awb-spacing-right-large:3.84%;--awb-margin-bottom-large:0px;--awb-spacing-left-large:3.84%;--awb-width-medium:75%;--awb-order-medium:0;--awb-spacing-right-medium:2.56%;--awb-spacing-left-medium:2.56%;--awb-width-small:100%;--awb-order-small:0;--awb-spacing-right-small:1.92%;--awb-spacing-left-small:1.92%;\"><div class=\"fusion-column-wrapper fusion-column-has-shadow fusion-flex-justify-content-flex-start fusion-content-layout-column\"><div class=\"fusion-text fusion-text-2 fusion-text-no-margin\" style=\"--awb-margin-right:16px;--awb-margin-bottom:0px;\"><p><span style=\"vertical-align: inherit;\"><span style=\"vertical-align: inherit;\">Para reformar una vivienda&#8230; <\/span><\/span><br \/>\n<span style=\"vertical-align: inherit;\"><span style=\"vertical-align: inherit;\">Para la compra de un veh\u00edculo&#8230; <\/span><\/span><br \/>\n<span style=\"vertical-align: inherit;\"><span style=\"vertical-align: inherit;\">Para la universidad de vuestros hijos&#8230;<\/span><\/span><\/p>\n<\/div><\/div><\/div><div class=\"fusion-layout-column fusion_builder_column fusion-builder-column-3 fusion_builder_column_1_1 1_1 fusion-flex-column fusion-flex-align-self-center\" style=\"--awb-bg-size:cover;--awb-width-large:100%;--awb-spacing-right-large:1.92%;--awb-margin-bottom-large:0px;--awb-spacing-left-large:1.92%;--awb-width-medium:100%;--awb-order-medium:0;--awb-spacing-right-medium:1.92%;--awb-spacing-left-medium:1.92%;--awb-width-small:100%;--awb-order-small:0;--awb-spacing-right-small:1.92%;--awb-spacing-left-small:1.92%;\"><div class=\"fusion-column-wrapper fusion-column-has-shadow fusion-flex-justify-content-flex-start fusion-content-layout-column\"><div class=\"fusion-separator fusion-full-width-sep\" style=\"align-self: center;margin-left: auto;margin-right: auto;margin-top:40px;margin-bottom:80px;width:100%;\"><div class=\"fusion-separator-border sep-single sep-solid\" style=\"--awb-height:20px;--awb-amount:20px;border-color:var(--awb-color3);border-top-width:1px;\"><\/div><\/div><\/div><\/div><\/div><\/div><div class=\"fusion-fullwidth fullwidth-box fusion-builder-row-3 fusion-flex-container has-pattern-background has-mask-background nonhundred-percent-fullwidth non-hundred-percent-height-scrolling\" style=\"--awb-border-radius-top-left:0px;--awb-border-radius-top-right:0px;--awb-border-radius-bottom-right:0px;--awb-border-radius-bottom-left:0px;--awb-padding-bottom:80px;--awb-padding-bottom-small:31px;--awb-flex-wrap:wrap;\" ><div class=\"fusion-builder-row fusion-row fusion-flex-align-items-flex-start fusion-flex-content-wrap\" style=\"max-width:1248px;margin-left: calc(-4% \/ 2 );margin-right: calc(-4% \/ 2 );\"><div class=\"fusion-layout-column fusion_builder_column fusion-builder-column-4 fusion-flex-column fusion-flex-align-self-center\" style=\"--awb-bg-size:cover;--awb-width-large:66%;--awb-spacing-right-large:2.9090909090909%;--awb-margin-bottom-large:0px;--awb-spacing-left-large:2.9090909090909%;--awb-width-medium:66%;--awb-order-medium:0;--awb-spacing-right-medium:2.9090909090909%;--awb-spacing-left-medium:2.9090909090909%;--awb-width-small:100%;--awb-order-small:0;--awb-spacing-right-small:1.92%;--awb-spacing-left-small:1.92%;\"><div class=\"fusion-column-wrapper fusion-column-has-shadow fusion-flex-justify-content-flex-start fusion-content-layout-column\"><div class=\"fusion-image-element \" style=\"--awb-aspect-ratio: 100 \/ 70;--awb-object-position:42% 0%;--awb-caption-title-font-family:var(--h2_typography-font-family);--awb-caption-title-font-weight:var(--h2_typography-font-weight);--awb-caption-title-font-style:var(--h2_typography-font-style);--awb-caption-title-size:var(--h2_typography-font-size);--awb-caption-title-transform:var(--h2_typography-text-transform);--awb-caption-title-line-height:var(--h2_typography-line-height);--awb-caption-title-letter-spacing:var(--h2_typography-letter-spacing);\"><span class=\" fusion-imageframe imageframe-none imageframe-1 hover-type-none has-aspect-ratio\"><img decoding=\"async\" width=\"1920\" height=\"1281\" alt=\"Imatge d&#039;una parella sol\u00b7licitant un pr\u00e8stec per compra de casa rural.\" title=\"prestecs-credits-baldiners-\" src=\"https:\/\/baldiners.com\/wp-content\/uploads\/2025\/02\/prestecs-credits-baldiners-.jpg\" class=\"img-responsive wp-image-3115 img-with-aspect-ratio\" srcset=\"https:\/\/baldiners.com\/wp-content\/uploads\/2025\/02\/prestecs-credits-baldiners--200x133.jpg 200w, https:\/\/baldiners.com\/wp-content\/uploads\/2025\/02\/prestecs-credits-baldiners--400x267.jpg 400w, https:\/\/baldiners.com\/wp-content\/uploads\/2025\/02\/prestecs-credits-baldiners--600x400.jpg 600w, https:\/\/baldiners.com\/wp-content\/uploads\/2025\/02\/prestecs-credits-baldiners--800x534.jpg 800w, https:\/\/baldiners.com\/wp-content\/uploads\/2025\/02\/prestecs-credits-baldiners--1200x801.jpg 1200w, https:\/\/baldiners.com\/wp-content\/uploads\/2025\/02\/prestecs-credits-baldiners-.jpg 1920w\" sizes=\"(max-width: 810px) 100vw, 800px\" \/><\/span><\/div><\/div><\/div><div class=\"fusion-layout-column fusion_builder_column fusion-builder-column-5 fusion-flex-column fusion-flex-align-self-center\" style=\"--awb-z-index:9999;--awb-padding-top:56px;--awb-padding-right:48px;--awb-padding-bottom:56px;--awb-padding-left:48px;--awb-padding-right-small:15px;--awb-padding-left-small:16px;--awb-bg-color:var(--awb-color1);--awb-bg-color-hover:var(--awb-color1);--awb-bg-size:cover;--awb-box-shadow:10px 10px 25px 5px hsla(var(--awb-color8-h),var(--awb-color8-s),var(--awb-color8-l),calc(var(--awb-color8-a) - 90%));;--awb-border-color:var(--awb-color4);--awb-border-color-hover:var(--awb-custom_color_3);--awb-border-top:0px;--awb-border-right:0px;--awb-border-bottom:0px;--awb-border-left:4px;--awb-border-style:solid;--awb-width-large:34%;--awb-spacing-right-large:5.6470588235294%;--awb-margin-bottom-large:0px;--awb-spacing-left-large:-80px;--awb-width-medium:34%;--awb-order-medium:0;--awb-spacing-right-medium:5.6470588235294%;--awb-spacing-left-medium:0px;--awb-width-small:100%;--awb-order-small:0;--awb-spacing-right-small:1.92%;--awb-spacing-left-small:1.92%;\"><div class=\"fusion-column-wrapper fusion-column-has-shadow fusion-flex-justify-content-flex-start fusion-content-layout-column\"><div class=\"fusion-title title fusion-title-3 fusion-sep-none fusion-title-text fusion-title-size-four\" style=\"--awb-margin-top:0px;--awb-margin-bottom:8px;\"><h4 class=\"fusion-title-heading title-heading-left\" style=\"margin:0;\"><span style=\"vertical-align: inherit;\"><span style=\"vertical-align: inherit;\">Pr\u00e9stamos personales<\/span><\/span><\/h4><\/div><div class=\"fusion-text fusion-text-3 fusion-text-no-margin\" style=\"--awb-margin-bottom:0px;\"><p><span style=\"vertical-align: inherit;\"><span style=\"vertical-align: inherit;\">Desde nuestra sede central en Balaguer buscaremos las mejores soluciones para vuestras <\/span><\/span><span style=\"vertical-align: inherit;\"><span style=\"vertical-align: inherit;\">necesidades<\/span><\/span><\/p>\n<\/div><\/div><\/div><\/div><\/div><div class=\"fusion-fullwidth fullwidth-box fusion-builder-row-4 fusion-flex-container has-pattern-background has-mask-background nonhundred-percent-fullwidth non-hundred-percent-height-scrolling\" style=\"--awb-border-radius-top-left:0px;--awb-border-radius-top-right:0px;--awb-border-radius-bottom-right:0px;--awb-border-radius-bottom-left:0px;--awb-flex-wrap:wrap;\" ><div class=\"fusion-builder-row fusion-row fusion-flex-align-items-flex-start fusion-flex-content-wrap\" style=\"max-width:1248px;margin-left: calc(-4% \/ 2 );margin-right: calc(-4% \/ 2 );\"><div class=\"fusion-layout-column fusion_builder_column fusion-builder-column-6 fusion_builder_column_1_1 1_1 fusion-flex-column\" style=\"--awb-padding-bottom:24px;--awb-bg-size:cover;--awb-width-large:100%;--awb-spacing-right-large:1.92%;--awb-margin-bottom-large:0px;--awb-spacing-left-large:1.92%;--awb-width-medium:100%;--awb-order-medium:0;--awb-spacing-right-medium:1.92%;--awb-spacing-left-medium:1.92%;--awb-width-small:100%;--awb-order-small:0;--awb-spacing-right-small:1.92%;--awb-spacing-left-small:1.92%;\"><div class=\"fusion-column-wrapper fusion-column-has-shadow fusion-flex-justify-content-flex-start fusion-content-layout-column\"><div class=\"fusion-text fusion-text-4\"><p><strong data-start=\"63\" data-end=\"110\">Financiad vuestras ilusiones con comodidad.<\/strong> Pod\u00e9is solicitar un pr\u00e9stamo tanto si dese\u00e1is comprar un veh\u00edculo, reformar vuestra casa, por compra de una casa rural o hacer frente a un gasto inesperado, ponemos a vuestra disposici\u00f3n importes adaptados a vuestras necesidades, con cuotas mensuales c\u00f3modas y condiciones transparentes. Olvidaos de complicaciones y conseguid vuestro pr\u00e9stamo con intereses competitivos y aprobaci\u00f3n r\u00e1pida.<\/p>\n<\/div><div ><a class=\"fusion-button button-flat fusion-button-default-size button-default fusion-button-default button-1 fusion-button-span-yes fusion-button-default-type\" style=\"--button_margin-top:20px;\" target=\"_self\" href=\"https:\/\/baldiners.com\/es\/contacto\/\"><span class=\"fusion-button-text\">Solicitar informaci\u00f3n<\/span><\/a><\/div><\/div><\/div><\/div><\/div><div class=\"fusion-fullwidth fullwidth-box fusion-builder-row-5 fusion-flex-container has-pattern-background has-mask-background nonhundred-percent-fullwidth non-hundred-percent-height-scrolling\" style=\"--awb-border-radius-top-left:0px;--awb-border-radius-top-right:0px;--awb-border-radius-bottom-right:0px;--awb-border-radius-bottom-left:0px;--awb-padding-bottom:2px;--awb-flex-wrap:wrap;\" ><div class=\"fusion-builder-row fusion-row fusion-flex-align-items-flex-start fusion-flex-justify-content-center fusion-flex-content-wrap\" style=\"max-width:1248px;margin-left: calc(-4% \/ 2 );margin-right: calc(-4% \/ 2 );\"><div class=\"fusion-layout-column fusion_builder_column fusion-builder-column-7 fusion-flex-column fusion-flex-align-self-center\" style=\"--awb-z-index:9999;--awb-padding-top:56px;--awb-padding-right:48px;--awb-padding-bottom:56px;--awb-padding-left:48px;--awb-padding-right-small:28px;--awb-padding-left-small:16px;--awb-bg-color:var(--awb-color1);--awb-bg-color-hover:var(--awb-color1);--awb-bg-size:cover;--awb-box-shadow:10px 10px 25px 5px hsla(var(--awb-color8-h),var(--awb-color8-s),var(--awb-color8-l),calc(var(--awb-color8-a) - 90%));;--awb-border-color:var(--awb-color4);--awb-border-color-hover:var(--awb-custom_color_3);--awb-border-top:0px;--awb-border-right:0px;--awb-border-bottom:0px;--awb-border-left:4px;--awb-border-style:solid;--awb-width-large:34%;--awb-spacing-right-large:-80px;--awb-margin-bottom-large:0px;--awb-spacing-left-large:0%;--awb-width-medium:34%;--awb-order-medium:0;--awb-spacing-right-medium:-80px;--awb-spacing-left-medium:0px;--awb-width-small:100%;--awb-order-small:2;--awb-margin-top-small:0px;--awb-spacing-right-small:1.92%;--awb-margin-bottom-small:27px;--awb-spacing-left-small:1.92%;\"><div class=\"fusion-column-wrapper fusion-column-has-shadow fusion-flex-justify-content-flex-start fusion-content-layout-column\"><div class=\"fusion-title title fusion-title-4 fusion-sep-none fusion-title-text fusion-title-size-four\" style=\"--awb-margin-top:0px;--awb-margin-bottom:8px;\"><h4 class=\"fusion-title-heading title-heading-left\" style=\"margin:0;\"><span style=\"vertical-align: inherit;\"><span style=\"vertical-align: inherit;\">P\u00f3lizas de cr\u00e9dito<\/span><\/span><\/h4><\/div><div class=\"fusion-text fusion-text-5 fusion-text-no-margin\" style=\"--awb-margin-bottom:0px;\"><p>Conseguid la financiaci\u00f3n que necesit\u00e9is de forma r\u00e1pida y sencilla con nuestras p\u00f3lizas de cr\u00e9dito.<\/p>\n<\/div><\/div><\/div><div class=\"fusion-layout-column fusion_builder_column fusion-builder-column-8 fusion-flex-column fusion-flex-align-self-center\" style=\"--awb-bg-size:cover;--awb-width-large:66%;--awb-spacing-right-large:3.4909090909091%;--awb-margin-bottom-large:44px;--awb-spacing-left-large:-20px;--awb-width-medium:66%;--awb-order-medium:0;--awb-spacing-right-medium:3.4909090909091%;--awb-spacing-left-medium:-20px;--awb-width-small:100%;--awb-order-small:0;--awb-spacing-right-small:1.92%;--awb-margin-bottom-small:0px;--awb-spacing-left-small:1.92%;\"><div class=\"fusion-column-wrapper fusion-column-has-shadow fusion-flex-justify-content-flex-start fusion-content-layout-column\"><div class=\"fusion-image-element \" style=\"--awb-aspect-ratio: 100 \/ 70;--awb-object-position:42% 0%;--awb-caption-title-font-family:var(--h2_typography-font-family);--awb-caption-title-font-weight:var(--h2_typography-font-weight);--awb-caption-title-font-style:var(--h2_typography-font-style);--awb-caption-title-size:var(--h2_typography-font-size);--awb-caption-title-transform:var(--h2_typography-text-transform);--awb-caption-title-line-height:var(--h2_typography-line-height);--awb-caption-title-letter-spacing:var(--h2_typography-letter-spacing);\"><span class=\" fusion-imageframe imageframe-none imageframe-2 hover-type-none has-aspect-ratio\"><img decoding=\"async\" width=\"1920\" height=\"1281\" alt=\"Una persona a davant d&#039;un port\u00e0til llest per sol\u00b7licitar un cr\u00e8dit per comprar pis.\" title=\"polissa-de-credit-\" src=\"https:\/\/baldiners.com\/wp-content\/uploads\/2025\/02\/polissa-de-credit-.jpg\" class=\"img-responsive wp-image-3116 img-with-aspect-ratio\" srcset=\"https:\/\/baldiners.com\/wp-content\/uploads\/2025\/02\/polissa-de-credit--200x133.jpg 200w, https:\/\/baldiners.com\/wp-content\/uploads\/2025\/02\/polissa-de-credit--400x267.jpg 400w, https:\/\/baldiners.com\/wp-content\/uploads\/2025\/02\/polissa-de-credit--600x400.jpg 600w, https:\/\/baldiners.com\/wp-content\/uploads\/2025\/02\/polissa-de-credit--800x534.jpg 800w, https:\/\/baldiners.com\/wp-content\/uploads\/2025\/02\/polissa-de-credit--1200x801.jpg 1200w, https:\/\/baldiners.com\/wp-content\/uploads\/2025\/02\/polissa-de-credit-.jpg 1920w\" sizes=\"(max-width: 810px) 100vw, 800px\" \/><\/span><\/div><\/div><\/div><div class=\"fusion-layout-column fusion_builder_column fusion-builder-column-9 fusion_builder_column_1_1 1_1 fusion-flex-column\" style=\"--awb-padding-bottom:24px;--awb-bg-size:cover;--awb-width-large:100%;--awb-spacing-right-large:1.92%;--awb-margin-bottom-large:0px;--awb-spacing-left-large:1.92%;--awb-width-medium:100%;--awb-order-medium:0;--awb-spacing-right-medium:1.92%;--awb-spacing-left-medium:1.92%;--awb-width-small:100%;--awb-order-small:2;--awb-spacing-right-small:1.92%;--awb-spacing-left-small:1.92%;\"><div class=\"fusion-column-wrapper fusion-column-has-shadow fusion-flex-justify-content-flex-start fusion-content-layout-column\"><div class=\"fusion-text fusion-text-6\"><p><span style=\"vertical-align: inherit;\"><span style=\"vertical-align: inherit;\">La mejor opci\u00f3n para aut\u00f3nomos y empresas que necesitan liquidez de forma flexible. Con nuestra p\u00f3liza de cr\u00e9dito, dispon\u00e9is de un l\u00edmite de financiaci\u00f3n al que podr\u00e9is acceder en cualquier momento, pagando s\u00f3lo por el dinero utilizado. Esto os permite gestionar imprevistos, cubrir gastos operativos y mantener vuestro negocio en marcha sin tensiones financieras. Puede solicitar una p\u00f3liza de cr\u00e9dito para comprar piso, para reformas de pisos o para reformas de vivienda, entre otros motivos. Contactad con nosotros si quer\u00e9is solicitar un cr\u00e9dito online en Lleida o un cr\u00e9dito r\u00e1pido para reformar casa o piso o bien ten\u00e9is otra consulta.<\/span><\/span><\/p>\n<\/div><div ><a class=\"fusion-button button-flat fusion-button-default-size button-default fusion-button-default button-2 fusion-button-span-yes fusion-button-default-type\" style=\"--button_margin-top:20px;\" target=\"_self\" href=\"https:\/\/baldiners.com\/es\/contacto\/\"><span class=\"fusion-button-text\">Solicitar informaci\u00f3n<\/span><\/a><\/div><\/div><\/div><\/div><\/div><\/p>\n","protected":false},"excerpt":{"rendered":"","protected":false},"author":1,"featured_media":0,"parent":0,"menu_order":0,"comment_status":"closed","ping_status":"closed","template":"100-width.php","meta":{"_acf_changed":false,"footnotes":""},"class_list":["post-3254","page","type-page","status-publish","hentry"],"acf":[],"yoast_head":"<!-- This site is optimized with the Yoast SEO plugin v24.5 - https:\/\/yoast.com\/wordpress\/plugins\/seo\/ -->\n<title>Pr\u00e9stamos personales en Balaguer - Baldiners<\/title>\n<meta name=\"description\" content=\"Pr\u00e9stamos para que disponga de lo que necesite. Pr\u00e9stamos personales y p\u00f3lizas de cr\u00e9dito Baldiners en Balaguer.\" \/>\n<meta name=\"robots\" content=\"index, follow, max-snippet:-1, max-image-preview:large, max-video-preview:-1\" \/>\n<link rel=\"canonical\" href=\"https:\/\/baldiners.com\/es\/prestamos\/\" \/>\n<meta property=\"og:locale\" content=\"es_ES\" \/>\n<meta property=\"og:type\" content=\"article\" \/>\n<meta property=\"og:title\" content=\"Pr\u00e9stamos personales en Balaguer - Baldiners\" \/>\n<meta property=\"og:description\" content=\"Pr\u00e9stamos para que disponga de lo que necesite. Pr\u00e9stamos personales y p\u00f3lizas de cr\u00e9dito Baldiners en Balaguer.\" \/>\n<meta property=\"og:url\" content=\"https:\/\/baldiners.com\/es\/prestamos\/\" \/>\n<meta property=\"og:site_name\" content=\"Baldiners\" \/>\n<meta property=\"article:modified_time\" content=\"2025-05-15T10:38:30+00:00\" \/>\n<meta name=\"twitter:card\" content=\"summary_large_image\" \/>\n<meta name=\"twitter:label1\" content=\"Tiempo de lectura\" \/>\n\t<meta name=\"twitter:data1\" content=\"2 minutos\" \/>\n<script type=\"application\/ld+json\" class=\"yoast-schema-graph\">{\"@context\":\"https:\/\/schema.org\",\"@graph\":[{\"@type\":\"WebPage\",\"@id\":\"https:\/\/baldiners.com\/es\/prestamos\/\",\"url\":\"https:\/\/baldiners.com\/es\/prestamos\/\",\"name\":\"Pr\u00e9stamos personales en Balaguer - Baldiners\",\"isPartOf\":{\"@id\":\"https:\/\/baldiners.com\/es\/#website\"},\"datePublished\":\"2023-10-09T16:06:55+00:00\",\"dateModified\":\"2025-05-15T10:38:30+00:00\",\"description\":\"Pr\u00e9stamos para que disponga de lo que necesite. Pr\u00e9stamos personales y p\u00f3lizas de cr\u00e9dito Baldiners en Balaguer.\",\"breadcrumb\":{\"@id\":\"https:\/\/baldiners.com\/es\/prestamos\/#breadcrumb\"},\"inLanguage\":\"es\",\"potentialAction\":[{\"@type\":\"ReadAction\",\"target\":[\"https:\/\/baldiners.com\/es\/prestamos\/\"]}]},{\"@type\":\"BreadcrumbList\",\"@id\":\"https:\/\/baldiners.com\/es\/prestamos\/#breadcrumb\",\"itemListElement\":[{\"@type\":\"ListItem\",\"position\":1,\"name\":\"Inici\",\"item\":\"https:\/\/baldiners.com\/es\/\"},{\"@type\":\"ListItem\",\"position\":2,\"name\":\"Pr\u00e9stamos\"}]},{\"@type\":\"WebSite\",\"@id\":\"https:\/\/baldiners.com\/es\/#website\",\"url\":\"https:\/\/baldiners.com\/es\/\",\"name\":\"Baldiners\",\"description\":\"Brokers hipotecaris i financers.\",\"potentialAction\":[{\"@type\":\"SearchAction\",\"target\":{\"@type\":\"EntryPoint\",\"urlTemplate\":\"https:\/\/baldiners.com\/es\/?s={search_term_string}\"},\"query-input\":{\"@type\":\"PropertyValueSpecification\",\"valueRequired\":true,\"valueName\":\"search_term_string\"}}],\"inLanguage\":\"es\"}]}<\/script>\n<!-- \/ Yoast SEO plugin. -->","yoast_head_json":{"title":"Pr\u00e9stamos personales en Balaguer - Baldiners","description":"Pr\u00e9stamos para que disponga de lo que necesite. Pr\u00e9stamos personales y p\u00f3lizas de cr\u00e9dito Baldiners en Balaguer.","robots":{"index":"index","follow":"follow","max-snippet":"max-snippet:-1","max-image-preview":"max-image-preview:large","max-video-preview":"max-video-preview:-1"},"canonical":"https:\/\/baldiners.com\/es\/prestamos\/","og_locale":"es_ES","og_type":"article","og_title":"Pr\u00e9stamos personales en Balaguer - Baldiners","og_description":"Pr\u00e9stamos para que disponga de lo que necesite. Pr\u00e9stamos personales y p\u00f3lizas de cr\u00e9dito Baldiners en Balaguer.","og_url":"https:\/\/baldiners.com\/es\/prestamos\/","og_site_name":"Baldiners","article_modified_time":"2025-05-15T10:38:30+00:00","twitter_card":"summary_large_image","twitter_misc":{"Tiempo de lectura":"2 minutos"},"schema":{"@context":"https:\/\/schema.org","@graph":[{"@type":"WebPage","@id":"https:\/\/baldiners.com\/es\/prestamos\/","url":"https:\/\/baldiners.com\/es\/prestamos\/","name":"Pr\u00e9stamos personales en Balaguer - Baldiners","isPartOf":{"@id":"https:\/\/baldiners.com\/es\/#website"},"datePublished":"2023-10-09T16:06:55+00:00","dateModified":"2025-05-15T10:38:30+00:00","description":"Pr\u00e9stamos para que disponga de lo que necesite. Pr\u00e9stamos personales y p\u00f3lizas de cr\u00e9dito Baldiners en Balaguer.","breadcrumb":{"@id":"https:\/\/baldiners.com\/es\/prestamos\/#breadcrumb"},"inLanguage":"es","potentialAction":[{"@type":"ReadAction","target":["https:\/\/baldiners.com\/es\/prestamos\/"]}]},{"@type":"BreadcrumbList","@id":"https:\/\/baldiners.com\/es\/prestamos\/#breadcrumb","itemListElement":[{"@type":"ListItem","position":1,"name":"Inici","item":"https:\/\/baldiners.com\/es\/"},{"@type":"ListItem","position":2,"name":"Pr\u00e9stamos"}]},{"@type":"WebSite","@id":"https:\/\/baldiners.com\/es\/#website","url":"https:\/\/baldiners.com\/es\/","name":"Baldiners","description":"Brokers hipotecaris i financers.","potentialAction":[{"@type":"SearchAction","target":{"@type":"EntryPoint","urlTemplate":"https:\/\/baldiners.com\/es\/?s={search_term_string}"},"query-input":{"@type":"PropertyValueSpecification","valueRequired":true,"valueName":"search_term_string"}}],"inLanguage":"es"}]}},"_links":{"self":[{"href":"https:\/\/baldiners.com\/es\/wp-json\/wp\/v2\/pages\/3254","targetHints":{"allow":["GET"]}}],"collection":[{"href":"https:\/\/baldiners.com\/es\/wp-json\/wp\/v2\/pages"}],"about":[{"href":"https:\/\/baldiners.com\/es\/wp-json\/wp\/v2\/types\/page"}],"author":[{"embeddable":true,"href":"https:\/\/baldiners.com\/es\/wp-json\/wp\/v2\/users\/1"}],"replies":[{"embeddable":true,"href":"https:\/\/baldiners.com\/es\/wp-json\/wp\/v2\/comments?post=3254"}],"version-history":[{"count":15,"href":"https:\/\/baldiners.com\/es\/wp-json\/wp\/v2\/pages\/3254\/revisions"}],"predecessor-version":[{"id":3612,"href":"https:\/\/baldiners.com\/es\/wp-json\/wp\/v2\/pages\/3254\/revisions\/3612"}],"wp:attachment":[{"href":"https:\/\/baldiners.com\/es\/wp-json\/wp\/v2\/media?parent=3254"}],"curies":[{"name":"wp","href":"https:\/\/api.w.org\/{rel}","templated":true}]}}