{"id":3170,"date":"2025-03-04T16:00:11","date_gmt":"2025-03-04T15:00:11","guid":{"rendered":"https:\/\/baldiners.com\/seguros-de-hogar-y-de-vida\/serveis-juridics\/"},"modified":"2025-03-24T15:19:15","modified_gmt":"2025-03-24T14:19:15","slug":"servicios-juridicos","status":"publish","type":"page","link":"https:\/\/baldiners.com\/es\/seguros-de-hogar-y-de-vida\/servicios-juridicos\/","title":{"rendered":"Servicios jur\u00eddicos"},"content":{"rendered":"<p><div class=\"fusion-fullwidth fullwidth-box fusion-builder-row-1 fusion-flex-container has-pattern-background has-mask-background fusion-parallax-none nonhundred-percent-fullwidth non-hundred-percent-height-scrolling\" style=\"--awb-border-radius-top-left:0px;--awb-border-radius-top-right:0px;--awb-border-radius-bottom-right:0px;--awb-border-radius-bottom-left:0px;--awb-padding-top:190px;--awb-padding-bottom:37px;--awb-padding-top-small:108px;--awb-margin-top:0px;--awb-background-image:linear-gradient(180deg, rgba(244,244,244,0.77) 0%,rgba(244,244,244,0.49) 100%),url(https:\/\/baldiners.com\/wp-content\/uploads\/2025\/02\/handshake-after-lawyer-providing-legal-consult-bus-2025-02-11-22-13-05-utc-scaled.jpg);;--awb-background-size:cover;--awb-flex-wrap:wrap;\" ><div class=\"fusion-builder-row fusion-row fusion-flex-align-items-flex-start fusion-flex-content-wrap\" style=\"max-width:1248px;margin-left: calc(-4% \/ 2 );margin-right: calc(-4% \/ 2 );\"><div class=\"fusion-layout-column fusion_builder_column fusion-builder-column-0 fusion_builder_column_1_1 1_1 fusion-flex-column\" style=\"--awb-padding-top:40px;--awb-padding-bottom:64px;--awb-bg-size:cover;--awb-width-large:100%;--awb-spacing-right-large:1.92%;--awb-margin-bottom-large:0px;--awb-spacing-left-large:1.92%;--awb-width-medium:100%;--awb-order-medium:0;--awb-spacing-right-medium:1.92%;--awb-spacing-left-medium:1.92%;--awb-width-small:100%;--awb-order-small:0;--awb-spacing-right-small:1.92%;--awb-spacing-left-small:1.92%;\"><div class=\"fusion-column-wrapper fusion-column-has-shadow fusion-flex-justify-content-flex-start fusion-content-layout-column\"><div class=\"fusion-title title fusion-title-1 fusion-sep-none fusion-title-center fusion-title-text fusion-title-size-one\"><h1 class=\"fusion-title-heading title-heading-center\" style=\"margin:0;text-transform:none;text-shadow:1px 1px 4px var(--awb-color1);\"><p>Servicios jur\u00eddicos<\/p>\n<div class=\"pt-md isolate col-span-8 will-change-auto\">\n<div class=\"border-borderMain\/50 border-b pb-xl\">\n<div class=\"border-borderMain\/50 ring-borderMain\/50 divide-borderMain\/50 dark:divide-borderMainDark\/50 dark:ring-borderMainDark\/50 dark:border-borderMainDark\/50 bg-transparent\">\n<div class=\"mt-sm flex items-center justify-between\">\n<div class=\"gap-x-xs flex items-center\">\n<div class=\"flex items-center min-w-0 font-medium gap-1.5 justify-center\">\n<div class=\"flex shrink-0 items-center justify-center size-4\"><\/div>\n<\/div>\n<div class=\"gap-xs flex items-center border-borderMain\/50 ring-borderMain\/50 divide-borderMain\/50 dark:divide-borderMainDark\/50 dark:ring-borderMainDark\/50 dark:border-borderMainDark\/50 bg-transparent\">\n<div class=\"flex items-center min-w-0 font-medium gap-1.5 justify-center\">\n<div class=\"flex shrink-0 items-center justify-center size-4\"><\/div>\n<\/div>\n<div class=\"flex items-center min-w-0 font-medium gap-1.5 justify-center\">\n<div class=\"flex shrink-0 items-center justify-center size-4\"><\/div>\n<\/div>\n<\/div>\n<div class=\"flex items-center min-w-0 font-medium gap-1.5 justify-center\">\n<div class=\"flex shrink-0 items-center justify-center size-4\"><\/div>\n<\/div>\n<div class=\"\">\n<div class=\"flex items-center min-w-0 font-medium gap-1.5 justify-center\">\n<div class=\"flex shrink-0 items-center justify-center size-4\"><\/div>\n<\/div>\n<\/div>\n<\/div>\n<\/div>\n<\/div>\n<\/div>\n<\/div>\n<div class=\"isolate col-span-4\">\n<div class=\"mt-md pt-md sticky top-0 z-10 grid flex-col\"><\/div>\n<\/div><\/h1><\/div><div class=\"fusion-title title fusion-title-2 fusion-sep-none fusion-title-center fusion-title-text fusion-title-size-two\" style=\"--awb-font-size:30px;\"><h2 class=\"fusion-title-heading title-heading-center\" style=\"margin:0;font-size:1em;text-transform:none;text-shadow:1px 1px 4px var(--awb-color1);\">A vuestro servicio siempre que lo necesit\u00e9is.<\/h2><\/div><\/div><\/div><\/div><\/div><div class=\"fusion-fullwidth fullwidth-box fusion-builder-row-2 fusion-flex-container has-pattern-background has-mask-background nonhundred-percent-fullwidth non-hundred-percent-height-scrolling\" style=\"--awb-border-radius-top-left:0px;--awb-border-radius-top-right:0px;--awb-border-radius-bottom-right:0px;--awb-border-radius-bottom-left:0px;--awb-padding-bottom:11px;--awb-flex-wrap:wrap;\" ><div class=\"fusion-builder-row fusion-row fusion-flex-align-items-flex-start fusion-flex-content-wrap\" style=\"max-width:1248px;margin-left: calc(-4% \/ 2 );margin-right: calc(-4% \/ 2 );\"><div class=\"fusion-layout-column fusion_builder_column fusion-builder-column-1 fusion_builder_column_1_1 1_1 fusion-flex-column\" style=\"--awb-padding-top:24px;--awb-padding-right:110px;--awb-padding-bottom:46px;--awb-padding-left:110px;--awb-padding-right-small:10px;--awb-padding-bottom-small:15px;--awb-padding-left-small:21px;--awb-bg-color:var(--awb-color1);--awb-bg-color-hover:var(--awb-color1);--awb-bg-size:cover;--awb-width-large:100%;--awb-margin-top-large:-50px;--awb-spacing-right-large:1.92%;--awb-margin-bottom-large:0px;--awb-spacing-left-large:1.92%;--awb-width-medium:100%;--awb-order-medium:0;--awb-spacing-right-medium:1.92%;--awb-spacing-left-medium:1.92%;--awb-width-small:100%;--awb-order-small:0;--awb-spacing-right-small:1.92%;--awb-spacing-left-small:1.92%;\"><div class=\"fusion-column-wrapper fusion-column-has-shadow fusion-flex-justify-content-flex-start fusion-content-layout-column\"><div class=\"fusion-text fusion-text-1\" style=\"--awb-content-alignment:center;--awb-font-size:25px;--awb-text-font-family:&quot;Poppins&quot;;--awb-text-font-style:normal;--awb-text-font-weight:400;\"><p data-pm-slice=\"1 1 &#091;&#093;\">Ofrecemos un servicio integral de asesoramiento y gesti\u00f3n jur\u00eddica, especializado en el sector inmobiliario y el derecho de familia. Nuestro equipo de profesionales os acompa\u00f1ar\u00e1 en cada paso para garantizar seguridad y tranquilidad en vuestras decisiones legales.<\/p>\n<\/div><div style=\"text-align:center;\"><a class=\"fusion-button button-flat fusion-button-default-size button-default fusion-button-default button-1 fusion-button-default-span fusion-button-default-type\" style=\"--button_text_transform:uppercase;--button_margin-top:20px;\" target=\"_self\" href=\"https:\/\/baldiners.com\/es\/contacto\/\"><span class=\"fusion-button-text\">Solicita informacion<\/span><\/a><\/div><\/div><\/div><\/div><\/div><div class=\"fusion-fullwidth fullwidth-box fusion-builder-row-3 fusion-flex-container has-pattern-background has-mask-background nonhundred-percent-fullwidth non-hundred-percent-height-scrolling\" style=\"--awb-border-radius-top-left:0px;--awb-border-radius-top-right:0px;--awb-border-radius-bottom-right:0px;--awb-border-radius-bottom-left:0px;--awb-padding-top:100px;--awb-padding-bottom:0px;--awb-flex-wrap:wrap;\" ><div class=\"fusion-builder-row fusion-row fusion-flex-align-items-flex-start fusion-flex-content-wrap\" style=\"max-width:calc( 1200px + 80px );margin-left: calc(-80px \/ 2 );margin-right: calc(-80px \/ 2 );\"><div class=\"fusion-layout-column fusion_builder_column fusion-builder-column-2 fusion_builder_column_1_1 1_1 fusion-flex-column\" style=\"--awb-bg-size:cover;--awb-width-large:100%;--awb-spacing-right-large:40px;--awb-margin-bottom-large:0px;--awb-spacing-left-large:40px;--awb-width-medium:100%;--awb-order-medium:0;--awb-spacing-right-medium:40px;--awb-spacing-left-medium:40px;--awb-width-small:100%;--awb-order-small:0;--awb-spacing-right-small:40px;--awb-spacing-left-small:40px;\"><div class=\"fusion-column-wrapper fusion-column-has-shadow fusion-flex-justify-content-flex-start fusion-content-layout-column\"><div class=\"fusion-content-boxes content-boxes columns row fusion-columns-3 fusion-columns-total-6 fusion-content-boxes-1 content-boxes-icon-with-title content-left\" style=\"--awb-hover-accent-color:var(--awb-color4);--awb-circle-hover-accent-color:var(--awb-color4);\" data-animationOffset=\"top-into-view\"><div style=\"--awb-backgroundcolor:rgba(255,255,255,0);\" class=\"fusion-column content-box-column content-box-column content-box-column-1 col-lg-4 col-md-4 col-sm-4 fusion-content-box-hover content-box-column-first-in-row\"><div class=\"col content-box-wrapper content-wrapper link-area-link-icon content-icon-wrapper-yes icon-hover-animation-fade\" data-animationOffset=\"top-into-view\"><div class=\"heading heading-with-icon icon-left\"><div class=\"icon\"><span style=\"height:42px;width:42px;line-height:22px;border-color:rgba(255,255,255,0);border-width:1px;border-style:solid;background-color:var(--awb-color8);box-sizing:content-box;border-radius:50%;\"><i style=\"border-color:var(--awb-color8);border-width:1px;background-color:var(--awb-color7);box-sizing:content-box;height:40px;width:40px;line-height:40px;border-radius:50%;position:relative;top:auto;left:auto;margin:0;border-radius:50%;font-size:20px;\" aria-hidden=\"true\" class=\"fontawesome-icon fa-balance-scale fas circle-yes\"><\/i><\/span><\/div><h2 class=\"content-box-heading fusion-responsive-typography-calculated\" style=\"--h2_typography-font-size:24px;--fontSize:24;line-height:var(--awb-typography1-line-height);\">Asesoramiento de car\u00e1cter civil<\/h2><\/div><div class=\"fusion-clearfix\"><\/div><div class=\"content-container\">\n<p data-pm-slice=\"1 1 &#091;&#093;\">Proporcionamos orientaci\u00f3n y soluciones jur\u00eddicas en materia civil, ayud\u00e1ndote a resolver cualquier cuesti\u00f3n relacionada con propiedades, contratos y derechos personales.<\/p>\n<\/div><\/div><\/div><div style=\"--awb-backgroundcolor:rgba(255,255,255,0);\" class=\"fusion-column content-box-column content-box-column content-box-column-2 col-lg-4 col-md-4 col-sm-4 fusion-content-box-hover \"><div class=\"col content-box-wrapper content-wrapper link-area-link-icon content-icon-wrapper-yes icon-hover-animation-fade\" data-animationOffset=\"top-into-view\"><div class=\"heading heading-with-icon icon-left\"><div class=\"icon\"><span style=\"height:42px;width:42px;line-height:22px;border-color:rgba(255,255,255,0);border-width:1px;border-style:solid;background-color:var(--awb-color8);box-sizing:content-box;border-radius:50%;\"><i style=\"border-color:var(--awb-color8);border-width:1px;background-color:var(--awb-color7);box-sizing:content-box;height:40px;width:40px;line-height:40px;border-radius:50%;position:relative;top:auto;left:auto;margin:0;border-radius:50%;font-size:20px;\" aria-hidden=\"true\" class=\"fontawesome-icon fa-house-damage fas circle-yes\"><\/i><\/span><\/div><h2 class=\"content-box-heading fusion-responsive-typography-calculated\" style=\"--h2_typography-font-size:24px;--fontSize:24;line-height:var(--awb-typography1-line-height);\">Extinci\u00f3n de proindiviso y condominio<\/h2><\/div><div class=\"fusion-clearfix\"><\/div><div class=\"content-container\">\n<p data-pm-slice=\"1 1 &#091;&#093;\">Gestionamos la divisi\u00f3n y extinci\u00f3n de la copropiedad de inmuebles de manera eficiente y justa, evitando conflictos entre los copropietarios.<\/p>\n<\/div><\/div><\/div><div style=\"--awb-backgroundcolor:rgba(255,255,255,0);\" class=\"fusion-column content-box-column content-box-column content-box-column-3 col-lg-4 col-md-4 col-sm-4 fusion-content-box-hover content-box-column-last-in-row\"><div class=\"col content-box-wrapper content-wrapper link-area-link-icon content-icon-wrapper-yes icon-hover-animation-fade\" data-animationOffset=\"top-into-view\"><div class=\"heading heading-with-icon icon-left\"><div class=\"icon\"><span style=\"height:42px;width:42px;line-height:22px;border-color:rgba(255,255,255,0);border-width:1px;border-style:solid;background-color:var(--awb-color8);box-sizing:content-box;border-radius:50%;\"><i style=\"border-color:var(--awb-color8);border-width:1px;background-color:var(--awb-color7);box-sizing:content-box;height:40px;width:40px;line-height:40px;border-radius:50%;position:relative;top:auto;left:auto;margin:0;border-radius:50%;font-size:20px;\" aria-hidden=\"true\" class=\"fontawesome-icon fa-address-book fas circle-yes\"><\/i><\/span><\/div><h2 class=\"content-box-heading fusion-responsive-typography-calculated\" style=\"--h2_typography-font-size:24px;--fontSize:24;line-height:var(--awb-typography1-line-height);\">Revisi\u00f3n del estado catastral y registral de inmuebles<\/h2><\/div><div class=\"fusion-clearfix\"><\/div><div class=\"content-container\">\n<p data-pm-slice=\"1 1 &#091;&#093;\">Analizamos la\u00a0situaci\u00f3n jur\u00eddica\u00a0y registral de\u00a0cualquier inmueble, asegurando que los\u00a0datos catastrales y registrales coincidan\u00a0y est\u00e9n en orden.<\/p>\n<\/div><\/div><\/div><div style=\"--awb-backgroundcolor:rgba(255,255,255,0);\" class=\"fusion-column content-box-column content-box-column content-box-column-4 col-lg-4 col-md-4 col-sm-4 fusion-content-box-hover content-box-column-first-in-row\"><div class=\"col content-box-wrapper content-wrapper link-area-link-icon content-icon-wrapper-yes icon-hover-animation-fade\" data-animationOffset=\"top-into-view\"><div class=\"heading heading-with-icon icon-left\"><div class=\"icon\"><span style=\"height:42px;width:42px;line-height:22px;border-color:rgba(255,255,255,0);border-width:1px;border-style:solid;background-color:var(--awb-color8);box-sizing:content-box;border-radius:50%;\"><i style=\"border-color:var(--awb-color8);border-width:1px;background-color:var(--awb-color7);box-sizing:content-box;height:40px;width:40px;line-height:40px;border-radius:50%;position:relative;top:auto;left:auto;margin:0;border-radius:50%;font-size:20px;\" aria-hidden=\"true\" class=\"fontawesome-icon fa-award fas circle-yes\"><\/i><\/span><\/div><h2 class=\"content-box-heading fusion-responsive-typography-calculated\" style=\"--h2_typography-font-size:24px;--fontSize:24;line-height:var(--awb-typography1-line-height);\">Gesti\u00f3n de c\u00e9dula de habitabilidad y certificado de eficiencia energ\u00e9tica.<\/h2><\/div><div class=\"fusion-clearfix\"><\/div><div class=\"content-container\">\n<p data-pm-slice=\"1 1 &#091;&#093;\">Tramitamos la documentaci\u00f3n necesaria para que tu inmueble cumpla con los requisitos legales de habitabilidad y eficiencia energ\u00e9tica.<\/p>\n<\/div><\/div><\/div><div style=\"--awb-backgroundcolor:rgba(255,255,255,0);\" class=\"fusion-column content-box-column content-box-column content-box-column-5 col-lg-4 col-md-4 col-sm-4 fusion-content-box-hover \"><div class=\"col content-box-wrapper content-wrapper link-area-link-icon content-icon-wrapper-yes icon-hover-animation-fade\" data-animationOffset=\"top-into-view\"><div class=\"heading heading-with-icon icon-left\"><div class=\"icon\"><span style=\"height:42px;width:42px;line-height:22px;border-color:rgba(255,255,255,0);border-width:1px;border-style:solid;background-color:var(--awb-color8);box-sizing:content-box;border-radius:50%;\"><i style=\"border-color:var(--awb-color8);border-width:1px;background-color:var(--awb-color7);box-sizing:content-box;height:40px;width:40px;line-height:40px;border-radius:50%;position:relative;top:auto;left:auto;margin:0;border-radius:50%;font-size:20px;\" aria-hidden=\"true\" class=\"fontawesome-icon fa-search fas circle-yes\"><\/i><\/span><\/div><h2 class=\"content-box-heading fusion-responsive-typography-calculated\" style=\"--h2_typography-font-size:24px;--fontSize:24;line-height:var(--awb-typography1-line-height);\">Revisi\u00f3n y redacci\u00f3n de contratos de compraventa, arras, etc.<\/h2><\/div><div class=\"fusion-clearfix\"><\/div><div class=\"content-container\">\n<p data-pm-slice=\"1 1 &#091;&#093;\">Redactamos y revisamos contratos para garantizar la protecci\u00f3n de tus intereses en cualquier operaci\u00f3n de compraventa o compromiso contractual.<\/p>\n<\/div><\/div><\/div><div style=\"--awb-backgroundcolor:rgba(255,255,255,0);\" class=\"fusion-column content-box-column content-box-column content-box-column-6 col-lg-4 col-md-4 col-sm-4 fusion-content-box-hover content-box-column-last content-box-column-last-in-row\"><div class=\"col content-box-wrapper content-wrapper link-area-link-icon content-icon-wrapper-yes icon-hover-animation-fade\" data-animationOffset=\"top-into-view\"><div class=\"heading heading-with-icon icon-left\"><div class=\"icon\"><span style=\"height:42px;width:42px;line-height:22px;border-color:rgba(255,255,255,0);border-width:1px;border-style:solid;background-color:var(--awb-color8);box-sizing:content-box;border-radius:50%;\"><i style=\"border-color:var(--awb-color8);border-width:1px;background-color:var(--awb-color7);box-sizing:content-box;height:40px;width:40px;line-height:40px;border-radius:50%;position:relative;top:auto;left:auto;margin:0;border-radius:50%;font-size:20px;\" aria-hidden=\"true\" class=\"fontawesome-icon fa-user-friends fas circle-yes\"><\/i><\/span><\/div><h2 class=\"content-box-heading fusion-responsive-typography-calculated\" style=\"--h2_typography-font-size:24px;--fontSize:24;line-height:var(--awb-typography1-line-height);\">Asesoramiento y gesti\u00f3n en derecho de familia.<\/h2><\/div><div class=\"fusion-clearfix\"><\/div><div class=\"content-container\">\n<p>Ofrecemos apoyo legal en procesos de separaci\u00f3n y divorcio, asegurando que se respeten los derechos e intereses de todas las partes implicadas.<\/p>\n<\/div><\/div><\/div><div class=\"fusion-clearfix\"><\/div><\/div><\/div><\/div><\/div><\/div><\/p>\n","protected":false},"excerpt":{"rendered":"","protected":false},"author":1,"featured_media":0,"parent":3163,"menu_order":0,"comment_status":"closed","ping_status":"closed","template":"100-width.php","meta":{"_acf_changed":false,"footnotes":""},"class_list":["post-3170","page","type-page","status-publish","hentry"],"acf":[],"yoast_head":"<!-- This site is optimized with the Yoast SEO plugin v24.5 - https:\/\/yoast.com\/wordpress\/plugins\/seo\/ -->\n<title>Servicios jur\u00eddicos - Baldiners<\/title>\n<meta name=\"robots\" content=\"index, follow, max-snippet:-1, max-image-preview:large, max-video-preview:-1\" \/>\n<link rel=\"canonical\" href=\"https:\/\/baldiners.com\/es\/seguros-de-hogar-y-de-vida\/servicios-juridicos\/\" \/>\n<meta property=\"og:locale\" content=\"es_ES\" \/>\n<meta property=\"og:type\" content=\"article\" \/>\n<meta property=\"og:title\" content=\"Servicios jur\u00eddicos - Baldiners\" \/>\n<meta property=\"og:url\" content=\"https:\/\/baldiners.com\/es\/seguros-de-hogar-y-de-vida\/servicios-juridicos\/\" \/>\n<meta property=\"og:site_name\" content=\"Baldiners\" \/>\n<meta property=\"article:modified_time\" content=\"2025-03-24T14:19:15+00:00\" \/>\n<meta name=\"twitter:card\" content=\"summary_large_image\" \/>\n<meta name=\"twitter:label1\" content=\"Tiempo de lectura\" \/>\n\t<meta name=\"twitter:data1\" content=\"2 minutos\" \/>\n<script type=\"application\/ld+json\" class=\"yoast-schema-graph\">{\"@context\":\"https:\/\/schema.org\",\"@graph\":[{\"@type\":\"WebPage\",\"@id\":\"https:\/\/baldiners.com\/es\/seguros-de-hogar-y-de-vida\/servicios-juridicos\/\",\"url\":\"https:\/\/baldiners.com\/es\/seguros-de-hogar-y-de-vida\/servicios-juridicos\/\",\"name\":\"Servicios jur\u00eddicos - Baldiners\",\"isPartOf\":{\"@id\":\"https:\/\/baldiners.com\/es\/#website\"},\"datePublished\":\"2025-03-04T15:00:11+00:00\",\"dateModified\":\"2025-03-24T14:19:15+00:00\",\"breadcrumb\":{\"@id\":\"https:\/\/baldiners.com\/es\/seguros-de-hogar-y-de-vida\/servicios-juridicos\/#breadcrumb\"},\"inLanguage\":\"es\",\"potentialAction\":[{\"@type\":\"ReadAction\",\"target\":[\"https:\/\/baldiners.com\/es\/seguros-de-hogar-y-de-vida\/servicios-juridicos\/\"]}]},{\"@type\":\"BreadcrumbList\",\"@id\":\"https:\/\/baldiners.com\/es\/seguros-de-hogar-y-de-vida\/servicios-juridicos\/#breadcrumb\",\"itemListElement\":[{\"@type\":\"ListItem\",\"position\":1,\"name\":\"Inici\",\"item\":\"https:\/\/baldiners.com\/es\/\"},{\"@type\":\"ListItem\",\"position\":2,\"name\":\"Seguros de hogar y de vida\",\"item\":\"https:\/\/baldiners.com\/es\/seguros-de-hogar-y-de-vida\/\"},{\"@type\":\"ListItem\",\"position\":3,\"name\":\"Servicios jur\u00eddicos\"}]},{\"@type\":\"WebSite\",\"@id\":\"https:\/\/baldiners.com\/es\/#website\",\"url\":\"https:\/\/baldiners.com\/es\/\",\"name\":\"Baldiners\",\"description\":\"Brokers hipotecaris i financers.\",\"potentialAction\":[{\"@type\":\"SearchAction\",\"target\":{\"@type\":\"EntryPoint\",\"urlTemplate\":\"https:\/\/baldiners.com\/es\/?s={search_term_string}\"},\"query-input\":{\"@type\":\"PropertyValueSpecification\",\"valueRequired\":true,\"valueName\":\"search_term_string\"}}],\"inLanguage\":\"es\"}]}<\/script>\n<!-- \/ Yoast SEO plugin. -->","yoast_head_json":{"title":"Servicios jur\u00eddicos - Baldiners","robots":{"index":"index","follow":"follow","max-snippet":"max-snippet:-1","max-image-preview":"max-image-preview:large","max-video-preview":"max-video-preview:-1"},"canonical":"https:\/\/baldiners.com\/es\/seguros-de-hogar-y-de-vida\/servicios-juridicos\/","og_locale":"es_ES","og_type":"article","og_title":"Servicios jur\u00eddicos - Baldiners","og_url":"https:\/\/baldiners.com\/es\/seguros-de-hogar-y-de-vida\/servicios-juridicos\/","og_site_name":"Baldiners","article_modified_time":"2025-03-24T14:19:15+00:00","twitter_card":"summary_large_image","twitter_misc":{"Tiempo de lectura":"2 minutos"},"schema":{"@context":"https:\/\/schema.org","@graph":[{"@type":"WebPage","@id":"https:\/\/baldiners.com\/es\/seguros-de-hogar-y-de-vida\/servicios-juridicos\/","url":"https:\/\/baldiners.com\/es\/seguros-de-hogar-y-de-vida\/servicios-juridicos\/","name":"Servicios jur\u00eddicos - Baldiners","isPartOf":{"@id":"https:\/\/baldiners.com\/es\/#website"},"datePublished":"2025-03-04T15:00:11+00:00","dateModified":"2025-03-24T14:19:15+00:00","breadcrumb":{"@id":"https:\/\/baldiners.com\/es\/seguros-de-hogar-y-de-vida\/servicios-juridicos\/#breadcrumb"},"inLanguage":"es","potentialAction":[{"@type":"ReadAction","target":["https:\/\/baldiners.com\/es\/seguros-de-hogar-y-de-vida\/servicios-juridicos\/"]}]},{"@type":"BreadcrumbList","@id":"https:\/\/baldiners.com\/es\/seguros-de-hogar-y-de-vida\/servicios-juridicos\/#breadcrumb","itemListElement":[{"@type":"ListItem","position":1,"name":"Inici","item":"https:\/\/baldiners.com\/es\/"},{"@type":"ListItem","position":2,"name":"Seguros de hogar y de vida","item":"https:\/\/baldiners.com\/es\/seguros-de-hogar-y-de-vida\/"},{"@type":"ListItem","position":3,"name":"Servicios jur\u00eddicos"}]},{"@type":"WebSite","@id":"https:\/\/baldiners.com\/es\/#website","url":"https:\/\/baldiners.com\/es\/","name":"Baldiners","description":"Brokers hipotecaris i financers.","potentialAction":[{"@type":"SearchAction","target":{"@type":"EntryPoint","urlTemplate":"https:\/\/baldiners.com\/es\/?s={search_term_string}"},"query-input":{"@type":"PropertyValueSpecification","valueRequired":true,"valueName":"search_term_string"}}],"inLanguage":"es"}]}},"_links":{"self":[{"href":"https:\/\/baldiners.com\/es\/wp-json\/wp\/v2\/pages\/3170","targetHints":{"allow":["GET"]}}],"collection":[{"href":"https:\/\/baldiners.com\/es\/wp-json\/wp\/v2\/pages"}],"about":[{"href":"https:\/\/baldiners.com\/es\/wp-json\/wp\/v2\/types\/page"}],"author":[{"embeddable":true,"href":"https:\/\/baldiners.com\/es\/wp-json\/wp\/v2\/users\/1"}],"replies":[{"embeddable":true,"href":"https:\/\/baldiners.com\/es\/wp-json\/wp\/v2\/comments?post=3170"}],"version-history":[{"count":5,"href":"https:\/\/baldiners.com\/es\/wp-json\/wp\/v2\/pages\/3170\/revisions"}],"predecessor-version":[{"id":3467,"href":"https:\/\/baldiners.com\/es\/wp-json\/wp\/v2\/pages\/3170\/revisions\/3467"}],"up":[{"embeddable":true,"href":"https:\/\/baldiners.com\/es\/wp-json\/wp\/v2\/pages\/3163"}],"wp:attachment":[{"href":"https:\/\/baldiners.com\/es\/wp-json\/wp\/v2\/media?parent=3170"}],"curies":[{"name":"wp","href":"https:\/\/api.w.org\/{rel}","templated":true}]}}