{"id":3164,"date":"2025-02-12T12:18:38","date_gmt":"2025-02-12T11:18:38","guid":{"rendered":"https:\/\/baldiners.com\/seguros-de-hogar-y-de-vida\/seguro-de-vida\/"},"modified":"2025-03-12T13:28:42","modified_gmt":"2025-03-12T12:28:42","slug":"seguro-de-vida","status":"publish","type":"page","link":"https:\/\/baldiners.com\/es\/seguros-de-hogar-y-de-vida\/seguro-de-vida\/","title":{"rendered":"Seguro de vida"},"content":{"rendered":"<p><div class=\"fusion-fullwidth fullwidth-box fusion-builder-row-1 fusion-flex-container has-pattern-background has-mask-background fusion-parallax-none nonhundred-percent-fullwidth non-hundred-percent-height-scrolling\" style=\"--awb-border-radius-top-left:0px;--awb-border-radius-top-right:0px;--awb-border-radius-bottom-right:0px;--awb-border-radius-bottom-left:0px;--awb-padding-top:190px;--awb-padding-bottom:37px;--awb-padding-top-small:108px;--awb-margin-top:0px;--awb-background-image:linear-gradient(180deg, rgba(244,244,244,0.77) 0%,rgba(244,244,244,0.49) 100%),url(https:\/\/baldiners.com\/wp-content\/uploads\/2025\/02\/x-asseguranca-de-vida-2.jpg);;--awb-background-size:cover;--awb-flex-wrap:wrap;\" ><div class=\"fusion-builder-row fusion-row fusion-flex-align-items-flex-start fusion-flex-content-wrap\" style=\"max-width:1248px;margin-left: calc(-4% \/ 2 );margin-right: calc(-4% \/ 2 );\"><div class=\"fusion-layout-column fusion_builder_column fusion-builder-column-0 fusion_builder_column_1_1 1_1 fusion-flex-column\" style=\"--awb-padding-top:40px;--awb-padding-bottom:64px;--awb-bg-size:cover;--awb-width-large:100%;--awb-spacing-right-large:1.92%;--awb-margin-bottom-large:0px;--awb-spacing-left-large:1.92%;--awb-width-medium:100%;--awb-order-medium:0;--awb-spacing-right-medium:1.92%;--awb-spacing-left-medium:1.92%;--awb-width-small:100%;--awb-order-small:0;--awb-spacing-right-small:1.92%;--awb-spacing-left-small:1.92%;\"><div class=\"fusion-column-wrapper fusion-column-has-shadow fusion-flex-justify-content-flex-start fusion-content-layout-column\"><div class=\"fusion-title title fusion-title-1 fusion-sep-none fusion-title-center fusion-title-text fusion-title-size-one\"><h1 class=\"fusion-title-heading title-heading-center\" style=\"margin:0;text-transform:none;text-shadow:1px 1px 4px var(--awb-color1);\">Seguro de vida<\/h1><\/div><div class=\"fusion-title title fusion-title-2 fusion-sep-none fusion-title-center fusion-title-text fusion-title-size-two\" style=\"--awb-font-size:30px;\"><h2 class=\"fusion-title-heading title-heading-center\" style=\"margin:0;font-size:1em;text-transform:none;text-shadow:1px 1px 4px var(--awb-color1);\">Para proteger lo que es m\u00e1s importante para ti<\/h2><\/div><\/div><\/div><\/div><\/div><div class=\"fusion-fullwidth fullwidth-box fusion-builder-row-2 fusion-flex-container has-pattern-background has-mask-background nonhundred-percent-fullwidth non-hundred-percent-height-scrolling\" style=\"--awb-border-radius-top-left:0px;--awb-border-radius-top-right:0px;--awb-border-radius-bottom-right:0px;--awb-border-radius-bottom-left:0px;--awb-padding-bottom:11px;--awb-flex-wrap:wrap;\" ><div class=\"fusion-builder-row fusion-row fusion-flex-align-items-flex-start fusion-flex-content-wrap\" style=\"max-width:1248px;margin-left: calc(-4% \/ 2 );margin-right: calc(-4% \/ 2 );\"><div class=\"fusion-layout-column fusion_builder_column fusion-builder-column-1 fusion_builder_column_1_1 1_1 fusion-flex-column\" style=\"--awb-padding-top:24px;--awb-padding-right:110px;--awb-padding-bottom:46px;--awb-padding-left:110px;--awb-padding-right-small:10px;--awb-padding-bottom-small:15px;--awb-padding-left-small:21px;--awb-bg-color:var(--awb-color1);--awb-bg-color-hover:var(--awb-color1);--awb-bg-size:cover;--awb-width-large:100%;--awb-margin-top-large:-50px;--awb-spacing-right-large:1.92%;--awb-margin-bottom-large:0px;--awb-spacing-left-large:1.92%;--awb-width-medium:100%;--awb-order-medium:0;--awb-spacing-right-medium:1.92%;--awb-spacing-left-medium:1.92%;--awb-width-small:100%;--awb-order-small:0;--awb-spacing-right-small:1.92%;--awb-spacing-left-small:1.92%;\"><div class=\"fusion-column-wrapper fusion-column-has-shadow fusion-flex-justify-content-flex-start fusion-content-layout-column\"><div class=\"fusion-text fusion-text-1\" style=\"--awb-font-size:25px;--awb-text-font-family:&quot;Poppins&quot;;--awb-text-font-style:normal;--awb-text-font-weight:400;\"><p>Proteged vuestro futuro con nuestro seguro de vida.<\/p>\n<\/div><div style=\"text-align:center;\"><a class=\"fusion-button button-flat fusion-button-default-size button-default fusion-button-default button-1 fusion-button-default-span fusion-button-default-type\" style=\"--button_text_transform:uppercase;--button_margin-top:20px;\" target=\"_self\" href=\"#solicita\"><span class=\"fusion-button-text\">Solicitar informacion<\/span><\/a><\/div><\/div><\/div><\/div><\/div><div class=\"fusion-fullwidth fullwidth-box fusion-builder-row-3 fusion-flex-container has-pattern-background has-mask-background nonhundred-percent-fullwidth non-hundred-percent-height-scrolling\" style=\"--awb-border-radius-top-left:0px;--awb-border-radius-top-right:0px;--awb-border-radius-bottom-right:0px;--awb-border-radius-bottom-left:0px;--awb-padding-top:100px;--awb-padding-bottom:100px;--awb-flex-wrap:wrap;\" ><div class=\"fusion-builder-row fusion-row fusion-flex-align-items-flex-start fusion-flex-content-wrap\" style=\"max-width:calc( 1200px + 80px );margin-left: calc(-80px \/ 2 );margin-right: calc(-80px \/ 2 );\"><div class=\"fusion-layout-column fusion_builder_column fusion-builder-column-2 fusion_builder_column_1_2 1_2 fusion-flex-column fusion-flex-align-self-center\" style=\"--awb-bg-size:cover;--awb-width-large:50%;--awb-spacing-right-large:40px;--awb-margin-bottom-large:0px;--awb-spacing-left-large:40px;--awb-width-medium:50%;--awb-order-medium:0;--awb-spacing-right-medium:40px;--awb-spacing-left-medium:40px;--awb-width-small:100%;--awb-order-small:0;--awb-spacing-right-small:40px;--awb-spacing-left-small:40px;\"><div class=\"fusion-column-wrapper fusion-column-has-shadow fusion-flex-justify-content-flex-start fusion-content-layout-column\"><div class=\"fusion-image-element \" style=\"--awb-aspect-ratio: 100 \/ 115;--awb-caption-title-font-family:var(--h2_typography-font-family);--awb-caption-title-font-weight:var(--h2_typography-font-weight);--awb-caption-title-font-style:var(--h2_typography-font-style);--awb-caption-title-size:var(--h2_typography-font-size);--awb-caption-title-transform:var(--h2_typography-text-transform);--awb-caption-title-line-height:var(--h2_typography-line-height);--awb-caption-title-letter-spacing:var(--h2_typography-letter-spacing);\"><span class=\" fusion-imageframe imageframe-none imageframe-1 hover-type-none has-aspect-ratio\"><img decoding=\"async\" width=\"1920\" height=\"1280\" title=\"Asseguan\u00e7a de vida\" src=\"https:\/\/baldiners.com\/wp-content\/uploads\/2025\/02\/x-asseguranca-de-vida.jpg\" class=\"img-responsive wp-image-3154 img-with-aspect-ratio\" alt srcset=\"https:\/\/baldiners.com\/wp-content\/uploads\/2025\/02\/x-asseguranca-de-vida-200x133.jpg 200w, https:\/\/baldiners.com\/wp-content\/uploads\/2025\/02\/x-asseguranca-de-vida-400x267.jpg 400w, https:\/\/baldiners.com\/wp-content\/uploads\/2025\/02\/x-asseguranca-de-vida-600x400.jpg 600w, https:\/\/baldiners.com\/wp-content\/uploads\/2025\/02\/x-asseguranca-de-vida-800x533.jpg 800w, https:\/\/baldiners.com\/wp-content\/uploads\/2025\/02\/x-asseguranca-de-vida-1200x800.jpg 1200w, https:\/\/baldiners.com\/wp-content\/uploads\/2025\/02\/x-asseguranca-de-vida.jpg 1920w\" sizes=\"(max-width: 810px) 100vw, 600px\" \/><\/span><\/div><\/div><\/div><div class=\"fusion-layout-column fusion_builder_column fusion-builder-column-3 fusion_builder_column_1_2 1_2 fusion-flex-column fusion-flex-align-self-center\" style=\"--awb-padding-top-small:40px;--awb-bg-size:cover;--awb-width-large:50%;--awb-spacing-right-large:40px;--awb-margin-bottom-large:0px;--awb-spacing-left-large:40px;--awb-width-medium:50%;--awb-order-medium:0;--awb-spacing-right-medium:40px;--awb-spacing-left-medium:40px;--awb-width-small:100%;--awb-order-small:0;--awb-spacing-right-small:40px;--awb-spacing-left-small:40px;\"><div class=\"fusion-column-wrapper fusion-column-has-shadow fusion-flex-justify-content-flex-start fusion-content-layout-column\"><div class=\"fusion-builder-row fusion-builder-row-inner fusion-row fusion-flex-align-items-flex-start fusion-flex-content-wrap\" style=\"width:calc( 100% + 80px ) !important;max-width:calc( 100% + 80px ) !important;margin-left: calc(-80px \/ 2 );margin-right: calc(-80px \/ 2 );\"><div class=\"fusion-layout-column fusion_builder_column_inner fusion-builder-nested-column-0 fusion_builder_column_inner_1_1 1_1 fusion-flex-column\" style=\"--awb-padding-top:8px;--awb-padding-bottom:8px;--awb-padding-left:24px;--awb-bg-size:cover;--awb-border-color:var(--awb-color4);--awb-border-top:0px;--awb-border-right:0px;--awb-border-bottom:0px;--awb-border-left:4px;--awb-border-style:solid;--awb-width-large:100%;--awb-spacing-right-large:40px;--awb-margin-bottom-large:0px;--awb-spacing-left-large:40px;--awb-width-medium:100%;--awb-order-medium:0;--awb-spacing-right-medium:40px;--awb-spacing-left-medium:40px;--awb-width-small:100%;--awb-order-small:0;--awb-spacing-right-small:40px;--awb-spacing-left-small:40px;\"><div class=\"fusion-column-wrapper fusion-column-has-shadow fusion-flex-justify-content-flex-start fusion-content-layout-column\"><div class=\"fusion-text fusion-text-2 fusion-animated fusion-text-no-margin\" style=\"--awb-font-size:var(--awb-typography5-font-size);--awb-line-height:var(--awb-typography5-line-height);--awb-letter-spacing:var(--awb-typography5-letter-spacing);--awb-text-transform:var(--awb-typography5-text-transform);--awb-margin-bottom:0px;--awb-text-font-family:var(--awb-typography5-font-family);--awb-text-font-weight:var(--awb-typography5-font-weight);--awb-text-font-style:var(--awb-typography5-font-style);--awb-animation-color:var(--awb-color2);\" data-animationType=\"revealInLeft\" data-animationDuration=\"1.4\" data-animationOffset=\"top-mid-of-view\"><p><b>Seguros\u00a0<\/b><\/p>\n<\/div><\/div><\/div><\/div><div class=\"fusion-separator fusion-full-width-sep\" style=\"align-self: center;margin-left: auto;margin-right: auto;margin-top:24px;margin-bottom:32px;width:100%;\"><div class=\"fusion-separator-border sep-single sep-solid\" style=\"--awb-height:20px;--awb-amount:20px;border-color:var(--awb-color3);border-top-width:1px;\"><\/div><\/div><div class=\"fusion-title title fusion-title-3 fusion-sep-none fusion-title-text fusion-title-size-three\" style=\"--awb-margin-bottom:32px;--awb-margin-bottom-small:32px;\"><h3 class=\"fusion-title-heading title-heading-left\" style=\"margin:0;\">Tranquilidad en cada etapa de vuestra vida. Proteged vuestro futuro hoy.<\/h3><\/div><div class=\"fusion-text fusion-text-3\"><p><strong>Seguro de vida: La seguridad y la tranquilidad son fundamentales.<\/strong> Por eso, ofrecemos un seguro de vida que se adapta a vosotros en cualquier etapa, ya sea que se\u00e1is j\u00f3venes y busqu\u00e9is proteger a vuestros seres queridos, teng\u00e1is una familia en crecimiento o est\u00e9is pensando en vuestra jubilaci\u00f3n. Sea cual sea el momento vital en que os encontr\u00e9is, contamos con una soluci\u00f3n que os garantiza protecci\u00f3n y estabilidad financiera.<\/p>\n<p>Entendemos que cada persona tiene necesidades distintas. Por ello, os ofrecemos un asesoramiento personalizado para ayudaros a encontrar la mejor opci\u00f3n seg\u00fan vuestra situaci\u00f3n y objetivos. Nuestros especialistas os acompa\u00f1ar\u00e1n durante todo el proceso, respondiendo a vuestras dudas y proporcion\u00e1ndoos toda la informaci\u00f3n para que pod\u00e1is tomar la mejor decisi\u00f3n con total confianza.<\/p>\n<\/div><\/div><\/div><div class=\"fusion-layout-column fusion_builder_column fusion-builder-column-4 fusion_builder_column_1_1 1_1 fusion-flex-column\" style=\"--awb-padding-top:47px;--awb-bg-size:cover;--awb-width-large:100%;--awb-spacing-right-large:40px;--awb-margin-bottom-large:0px;--awb-spacing-left-large:40px;--awb-width-medium:100%;--awb-order-medium:0;--awb-spacing-right-medium:40px;--awb-spacing-left-medium:40px;--awb-width-small:100%;--awb-order-small:0;--awb-spacing-right-small:40px;--awb-spacing-left-small:40px;\"><div class=\"fusion-column-wrapper fusion-column-has-shadow fusion-flex-justify-content-flex-start fusion-content-layout-column\"><div class=\"fusion-text fusion-text-4\"><p data-start=\"83\" data-end=\"391\">Adem\u00e1s, nuestro seguro de vida es modular y flexible, adapt\u00e1ndose a vuestras necesidades. Pod\u00e9is elegir el nivel de cobertura que mejor se ajuste a vosotros y modificarlo seg\u00fan los cambios en vuestra vida, garantizando as\u00ed que est\u00e9is siempre protegidos de acuerdo con vuestra realidad personal y econ\u00f3mica.<\/p>\n<p data-start=\"393\" data-end=\"652\">Otra ventaja es que nuestro seguro de vida es totalmente compatible con otros seguros de vida, incluido el vinculado a vuestra hipoteca. Esto significa que pod\u00e9is contar con una protecci\u00f3n adicional sin renunciar a las coberturas que ya teng\u00e1is contratadas.<\/p>\n<p data-start=\"654\" data-end=\"878\">Con nosotros, tendr\u00e9is la tranquilidad de saber que vosotros y los vuestros est\u00e1is en buenas manos. Proteged vuestro futuro y el de los vuestros con nuestro seguro de vida dise\u00f1ado para ofreceros la seguridad que merec\u00e9is.<\/p>\n<\/div><\/div><\/div><\/div><\/div><\/p>\n","protected":false},"excerpt":{"rendered":"","protected":false},"author":1,"featured_media":0,"parent":3163,"menu_order":0,"comment_status":"closed","ping_status":"closed","template":"100-width.php","meta":{"_acf_changed":false,"footnotes":""},"class_list":["post-3164","page","type-page","status-publish","hentry"],"acf":[],"yoast_head":"<!-- This site is optimized with the Yoast SEO plugin v24.5 - https:\/\/yoast.com\/wordpress\/plugins\/seo\/ -->\n<title>Seguro de vida - Baldiners<\/title>\n<meta name=\"description\" content=\"Seguro de vida por tu tranquilidad y la de los tuyos. Seguro de vida Baldineros Llaida Balaguer\" \/>\n<meta name=\"robots\" content=\"index, follow, max-snippet:-1, max-image-preview:large, max-video-preview:-1\" \/>\n<link rel=\"canonical\" href=\"https:\/\/baldiners.com\/es\/seguros-de-hogar-y-de-vida\/seguro-de-vida\/\" \/>\n<meta property=\"og:locale\" content=\"es_ES\" \/>\n<meta property=\"og:type\" content=\"article\" \/>\n<meta property=\"og:title\" content=\"Seguro de vida - Baldiners\" \/>\n<meta property=\"og:description\" content=\"Seguro de vida por tu tranquilidad y la de los tuyos. Seguro de vida Baldineros Llaida Balaguer\" \/>\n<meta property=\"og:url\" content=\"https:\/\/baldiners.com\/es\/seguros-de-hogar-y-de-vida\/seguro-de-vida\/\" \/>\n<meta property=\"og:site_name\" content=\"Baldiners\" \/>\n<meta property=\"article:modified_time\" content=\"2025-03-12T12:28:42+00:00\" \/>\n<meta name=\"twitter:card\" content=\"summary_large_image\" \/>\n<meta name=\"twitter:label1\" content=\"Tiempo de lectura\" \/>\n\t<meta name=\"twitter:data1\" content=\"2 minutos\" \/>\n<script type=\"application\/ld+json\" class=\"yoast-schema-graph\">{\"@context\":\"https:\/\/schema.org\",\"@graph\":[{\"@type\":\"WebPage\",\"@id\":\"https:\/\/baldiners.com\/es\/seguros-de-hogar-y-de-vida\/seguro-de-vida\/\",\"url\":\"https:\/\/baldiners.com\/es\/seguros-de-hogar-y-de-vida\/seguro-de-vida\/\",\"name\":\"Seguro de vida - Baldiners\",\"isPartOf\":{\"@id\":\"https:\/\/baldiners.com\/es\/#website\"},\"datePublished\":\"2025-02-12T11:18:38+00:00\",\"dateModified\":\"2025-03-12T12:28:42+00:00\",\"description\":\"Seguro de vida por tu tranquilidad y la de los tuyos. Seguro de vida Baldineros Llaida Balaguer\",\"breadcrumb\":{\"@id\":\"https:\/\/baldiners.com\/es\/seguros-de-hogar-y-de-vida\/seguro-de-vida\/#breadcrumb\"},\"inLanguage\":\"es\",\"potentialAction\":[{\"@type\":\"ReadAction\",\"target\":[\"https:\/\/baldiners.com\/es\/seguros-de-hogar-y-de-vida\/seguro-de-vida\/\"]}]},{\"@type\":\"BreadcrumbList\",\"@id\":\"https:\/\/baldiners.com\/es\/seguros-de-hogar-y-de-vida\/seguro-de-vida\/#breadcrumb\",\"itemListElement\":[{\"@type\":\"ListItem\",\"position\":1,\"name\":\"Inici\",\"item\":\"https:\/\/baldiners.com\/es\/\"},{\"@type\":\"ListItem\",\"position\":2,\"name\":\"Seguros de hogar y de vida\",\"item\":\"https:\/\/baldiners.com\/es\/seguros-de-hogar-y-de-vida\/\"},{\"@type\":\"ListItem\",\"position\":3,\"name\":\"Seguro de vida\"}]},{\"@type\":\"WebSite\",\"@id\":\"https:\/\/baldiners.com\/es\/#website\",\"url\":\"https:\/\/baldiners.com\/es\/\",\"name\":\"Baldiners\",\"description\":\"Brokers hipotecaris i financers.\",\"potentialAction\":[{\"@type\":\"SearchAction\",\"target\":{\"@type\":\"EntryPoint\",\"urlTemplate\":\"https:\/\/baldiners.com\/es\/?s={search_term_string}\"},\"query-input\":{\"@type\":\"PropertyValueSpecification\",\"valueRequired\":true,\"valueName\":\"search_term_string\"}}],\"inLanguage\":\"es\"}]}<\/script>\n<!-- \/ Yoast SEO plugin. -->","yoast_head_json":{"title":"Seguro de vida - Baldiners","description":"Seguro de vida por tu tranquilidad y la de los tuyos. Seguro de vida Baldineros Llaida Balaguer","robots":{"index":"index","follow":"follow","max-snippet":"max-snippet:-1","max-image-preview":"max-image-preview:large","max-video-preview":"max-video-preview:-1"},"canonical":"https:\/\/baldiners.com\/es\/seguros-de-hogar-y-de-vida\/seguro-de-vida\/","og_locale":"es_ES","og_type":"article","og_title":"Seguro de vida - Baldiners","og_description":"Seguro de vida por tu tranquilidad y la de los tuyos. Seguro de vida Baldineros Llaida Balaguer","og_url":"https:\/\/baldiners.com\/es\/seguros-de-hogar-y-de-vida\/seguro-de-vida\/","og_site_name":"Baldiners","article_modified_time":"2025-03-12T12:28:42+00:00","twitter_card":"summary_large_image","twitter_misc":{"Tiempo de lectura":"2 minutos"},"schema":{"@context":"https:\/\/schema.org","@graph":[{"@type":"WebPage","@id":"https:\/\/baldiners.com\/es\/seguros-de-hogar-y-de-vida\/seguro-de-vida\/","url":"https:\/\/baldiners.com\/es\/seguros-de-hogar-y-de-vida\/seguro-de-vida\/","name":"Seguro de vida - Baldiners","isPartOf":{"@id":"https:\/\/baldiners.com\/es\/#website"},"datePublished":"2025-02-12T11:18:38+00:00","dateModified":"2025-03-12T12:28:42+00:00","description":"Seguro de vida por tu tranquilidad y la de los tuyos. Seguro de vida Baldineros Llaida Balaguer","breadcrumb":{"@id":"https:\/\/baldiners.com\/es\/seguros-de-hogar-y-de-vida\/seguro-de-vida\/#breadcrumb"},"inLanguage":"es","potentialAction":[{"@type":"ReadAction","target":["https:\/\/baldiners.com\/es\/seguros-de-hogar-y-de-vida\/seguro-de-vida\/"]}]},{"@type":"BreadcrumbList","@id":"https:\/\/baldiners.com\/es\/seguros-de-hogar-y-de-vida\/seguro-de-vida\/#breadcrumb","itemListElement":[{"@type":"ListItem","position":1,"name":"Inici","item":"https:\/\/baldiners.com\/es\/"},{"@type":"ListItem","position":2,"name":"Seguros de hogar y de vida","item":"https:\/\/baldiners.com\/es\/seguros-de-hogar-y-de-vida\/"},{"@type":"ListItem","position":3,"name":"Seguro de vida"}]},{"@type":"WebSite","@id":"https:\/\/baldiners.com\/es\/#website","url":"https:\/\/baldiners.com\/es\/","name":"Baldiners","description":"Brokers hipotecaris i financers.","potentialAction":[{"@type":"SearchAction","target":{"@type":"EntryPoint","urlTemplate":"https:\/\/baldiners.com\/es\/?s={search_term_string}"},"query-input":{"@type":"PropertyValueSpecification","valueRequired":true,"valueName":"search_term_string"}}],"inLanguage":"es"}]}},"_links":{"self":[{"href":"https:\/\/baldiners.com\/es\/wp-json\/wp\/v2\/pages\/3164","targetHints":{"allow":["GET"]}}],"collection":[{"href":"https:\/\/baldiners.com\/es\/wp-json\/wp\/v2\/pages"}],"about":[{"href":"https:\/\/baldiners.com\/es\/wp-json\/wp\/v2\/types\/page"}],"author":[{"embeddable":true,"href":"https:\/\/baldiners.com\/es\/wp-json\/wp\/v2\/users\/1"}],"replies":[{"embeddable":true,"href":"https:\/\/baldiners.com\/es\/wp-json\/wp\/v2\/comments?post=3164"}],"version-history":[{"count":1,"href":"https:\/\/baldiners.com\/es\/wp-json\/wp\/v2\/pages\/3164\/revisions"}],"predecessor-version":[{"id":3409,"href":"https:\/\/baldiners.com\/es\/wp-json\/wp\/v2\/pages\/3164\/revisions\/3409"}],"up":[{"embeddable":true,"href":"https:\/\/baldiners.com\/es\/wp-json\/wp\/v2\/pages\/3163"}],"wp:attachment":[{"href":"https:\/\/baldiners.com\/es\/wp-json\/wp\/v2\/media?parent=3164"}],"curies":[{"name":"wp","href":"https:\/\/api.w.org\/{rel}","templated":true}]}}